{"id":58966,"date":"2025-02-01T17:01:17","date_gmt":"2025-02-01T16:01:17","guid":{"rendered":"http:\/\/fokussrl.com\/prodotto\/cuisiniere-bois-verona-xxl\/"},"modified":"2025-02-01T17:08:07","modified_gmt":"2025-02-01T16:08:07","slug":"cuisiniere-bois-verona-xxl","status":"publish","type":"product","link":"https:\/\/www.fokussrl.com\/fr\/produit\/cuisiniere-bois-verona-xxl\/","title":{"rendered":"Cuisini\u00e8re \u00e0 bois VERONA XXL &#8211; La Nordica &#8211; Extraflame"},"content":{"rendered":"","protected":false},"excerpt":{"rendered":"<p>La cuisine \u00e0 bois VERONA XXL se distingue par sa chambre de combustion situ\u00e9e au-dessus et son four \u00e0 double vitrage en dessous. Disponible en finitions m\u00e9tal noir ou inox, en c\u00e9ramique blanche ou bordeaux, ou avec un rev\u00eatement en pierre. La plaque et les anneaux sont en fonte. \u00c9quip\u00e9e d&rsquo;un tiroir \u00e0 cendres amovible.<\/p>\n","protected":false},"featured_media":55332,"template":"","meta":{"_acf_changed":false},"product_brand":[4824],"product_cat":[4588],"product_tag":[],"class_list":{"0":"post-58966","1":"product","2":"type-product","3":"status-publish","4":"has-post-thumbnail","6":"product_brand-la-nordica-extraflame-fr","7":"product_cat-cuisinieres-au-bois","8":"product_shipping_class-cucine-a-legna-2-2","9":"pa_colore-anthracite-fr","10":"pa_colore-inox-fr","11":"pa_colore-majolique-blanche","12":"pa_colore-majolique-bordeaux","13":"pa_colore-pierre","14":"sales-flash-overlay","15":"woocommerce-text-align-center","16":"woocommerce-image-align-center","17":"do-quantity-buttons","19":"first","20":"instock","21":"taxable","22":"shipping-taxable","23":"purchasable","24":"product-type-variable"},"acf":[],"_links":{"self":[{"href":"https:\/\/www.fokussrl.com\/fr\/wp-json\/wp\/v2\/product\/58966","targetHints":{"allow":["GET"]}}],"collection":[{"href":"https:\/\/www.fokussrl.com\/fr\/wp-json\/wp\/v2\/product"}],"about":[{"href":"https:\/\/www.fokussrl.com\/fr\/wp-json\/wp\/v2\/types\/product"}],"wp:featuredmedia":[{"embeddable":true,"href":"https:\/\/www.fokussrl.com\/fr\/wp-json\/wp\/v2\/media\/55332"}],"wp:attachment":[{"href":"https:\/\/www.fokussrl.com\/fr\/wp-json\/wp\/v2\/media?parent=58966"}],"wp:term":[{"taxonomy":"product_brand","embeddable":true,"href":"https:\/\/www.fokussrl.com\/fr\/wp-json\/wp\/v2\/product_brand?post=58966"},{"taxonomy":"product_cat","embeddable":true,"href":"https:\/\/www.fokussrl.com\/fr\/wp-json\/wp\/v2\/product_cat?post=58966"},{"taxonomy":"product_tag","embeddable":true,"href":"https:\/\/www.fokussrl.com\/fr\/wp-json\/wp\/v2\/product_tag?post=58966"}],"curies":[{"name":"wp","href":"https:\/\/api.w.org\/{rel}","templated":true}]}}