{"id":58972,"date":"2025-02-01T17:01:22","date_gmt":"2025-02-01T16:01:22","guid":{"rendered":"http:\/\/fokussrl.com\/prodotto\/reservoir-granules-supplementaire-hevo\/"},"modified":"2025-02-01T17:08:08","modified_gmt":"2025-02-01T16:08:08","slug":"reservoir-granules-supplementaire-hevo","status":"publish","type":"product","link":"https:\/\/www.fokussrl.com\/fr\/produit\/reservoir-granules-supplementaire-hevo\/","title":{"rendered":"R\u00e9servoir \u00e0 granul\u00e9s suppl\u00e9mentaire HEVO"},"content":{"rendered":"","protected":false},"excerpt":{"rendered":"<p>R\u00e9servoir suppl\u00e9mentaire pour chaudi\u00e8re murale \u00e0 granul\u00e9s HEVO Magikal.<\/p>\n","protected":false},"featured_media":55370,"template":"","meta":{"_acf_changed":false},"product_brand":[],"product_cat":[4567],"product_tag":[],"class_list":{"0":"post-58972","1":"product","2":"type-product","3":"status-publish","4":"has-post-thumbnail","6":"product_cat-accessoires-pour-poeles-et-cheminees","7":"product_shipping_class-accessori-2-2","8":"pa_modello-reservoir-150-kg-fr","9":"pa_modello-reservoir-150-kg","10":"pa_modello-reservoir-haut-150-kg","11":"sales-flash-overlay","12":"woocommerce-text-align-center","13":"woocommerce-image-align-center","14":"do-quantity-buttons","16":"first","17":"instock","18":"taxable","19":"shipping-taxable","20":"purchasable","21":"product-type-variable"},"acf":[],"_links":{"self":[{"href":"https:\/\/www.fokussrl.com\/fr\/wp-json\/wp\/v2\/product\/58972","targetHints":{"allow":["GET"]}}],"collection":[{"href":"https:\/\/www.fokussrl.com\/fr\/wp-json\/wp\/v2\/product"}],"about":[{"href":"https:\/\/www.fokussrl.com\/fr\/wp-json\/wp\/v2\/types\/product"}],"wp:featuredmedia":[{"embeddable":true,"href":"https:\/\/www.fokussrl.com\/fr\/wp-json\/wp\/v2\/media\/55370"}],"wp:attachment":[{"href":"https:\/\/www.fokussrl.com\/fr\/wp-json\/wp\/v2\/media?parent=58972"}],"wp:term":[{"taxonomy":"product_brand","embeddable":true,"href":"https:\/\/www.fokussrl.com\/fr\/wp-json\/wp\/v2\/product_brand?post=58972"},{"taxonomy":"product_cat","embeddable":true,"href":"https:\/\/www.fokussrl.com\/fr\/wp-json\/wp\/v2\/product_cat?post=58972"},{"taxonomy":"product_tag","embeddable":true,"href":"https:\/\/www.fokussrl.com\/fr\/wp-json\/wp\/v2\/product_tag?post=58972"}],"curies":[{"name":"wp","href":"https:\/\/api.w.org\/{rel}","templated":true}]}}