{"id":58976,"date":"2025-02-01T17:01:22","date_gmt":"2025-02-01T16:01:22","guid":{"rendered":"http:\/\/fokussrl.com\/prodotto\/insert-bois-ouvert\/"},"modified":"2025-02-01T17:08:13","modified_gmt":"2025-02-01T16:08:13","slug":"insert-bois-ouvert","status":"publish","type":"product","link":"https:\/\/www.fokussrl.com\/fr\/produit\/insert-bois-ouvert\/","title":{"rendered":"Insert \u00e0 bois ouvert &#8211; Finoptim"},"content":{"rendered":"","protected":false},"excerpt":{"rendered":"<p>Ne choisissez plus entre hautes performances d&rsquo;un c\u00f4t\u00e9 et le charme d&rsquo;un beau feu de l&rsquo;autre ; nous avons con\u00e7u l&rsquo;<strong>insert ouvert<\/strong>.<\/p>\n<p>Pr\u00eat \u00e0 \u00eatre plac\u00e9 dans une chemin\u00e9e \u00e0 foyer ouvert, il permet de reburner les fum\u00e9es lors de la combustion du bois. Cela \u00e9limine les polluants, am\u00e9liore la combustion et diffuse la chaleur de mani\u00e8re optimale.<\/p>\n<p>Alors qu&rsquo;une chemin\u00e9e classique a un rendement de 10 %, notre insert ouvert atteint jusqu&rsquo;\u00e0 45 %. Dites adieu au monoxyde de carbone et aux particules fines polluant vos int\u00e9rieurs. Maintenant, vous pouvez respirer profond\u00e9ment, m\u00eame devant la chemin\u00e9e.<\/p>\n<p>Vous pouvez choisir la couleur des briques utilis\u00e9es dans les chemin\u00e9es Finoptim avec inserts ouverts : Terracotta, Pierre, Rouge et Anthracite.<\/p>\n","protected":false},"featured_media":55378,"template":"","meta":{"_acf_changed":false},"product_brand":[4808],"product_cat":[4591],"product_tag":[],"class_list":{"0":"post-58976","1":"product","2":"type-product","3":"status-publish","4":"has-post-thumbnail","6":"product_brand-finoptim-fr","7":"product_cat-inserts-au-bois","8":"product_shipping_class-inserti-a-legna-2-2","9":"pa_colore-anthracite-fr","10":"pa_colore-pierre","11":"pa_colore-rouge","12":"pa_colore-terre-cuite","13":"pa_modello-m1000-fr","14":"pa_modello-m250-fr","15":"pa_modello-m330-fr","16":"pa_modello-m500-fr","17":"sales-flash-overlay","18":"woocommerce-text-align-center","19":"woocommerce-image-align-center","20":"do-quantity-buttons","22":"first","23":"instock","24":"taxable","25":"shipping-taxable","26":"product-type-variable"},"acf":[],"_links":{"self":[{"href":"https:\/\/www.fokussrl.com\/fr\/wp-json\/wp\/v2\/product\/58976","targetHints":{"allow":["GET"]}}],"collection":[{"href":"https:\/\/www.fokussrl.com\/fr\/wp-json\/wp\/v2\/product"}],"about":[{"href":"https:\/\/www.fokussrl.com\/fr\/wp-json\/wp\/v2\/types\/product"}],"wp:featuredmedia":[{"embeddable":true,"href":"https:\/\/www.fokussrl.com\/fr\/wp-json\/wp\/v2\/media\/55378"}],"wp:attachment":[{"href":"https:\/\/www.fokussrl.com\/fr\/wp-json\/wp\/v2\/media?parent=58976"}],"wp:term":[{"taxonomy":"product_brand","embeddable":true,"href":"https:\/\/www.fokussrl.com\/fr\/wp-json\/wp\/v2\/product_brand?post=58976"},{"taxonomy":"product_cat","embeddable":true,"href":"https:\/\/www.fokussrl.com\/fr\/wp-json\/wp\/v2\/product_cat?post=58976"},{"taxonomy":"product_tag","embeddable":true,"href":"https:\/\/www.fokussrl.com\/fr\/wp-json\/wp\/v2\/product_tag?post=58976"}],"curies":[{"name":"wp","href":"https:\/\/api.w.org\/{rel}","templated":true}]}}