{"id":58993,"date":"2025-02-01T17:01:29","date_gmt":"2025-02-01T16:01:29","guid":{"rendered":"http:\/\/fokussrl.com\/prodotto\/insert-bois-double-face-llama-cristal-df\/"},"modified":"2025-02-01T17:08:14","modified_gmt":"2025-02-01T16:08:14","slug":"insert-bois-double-face-llama-cristal-df","status":"publish","type":"product","link":"https:\/\/www.fokussrl.com\/fr\/produit\/insert-bois-double-face-llama-cristal-df\/","title":{"rendered":"Insert \u00e0 bois double face LLAMA CRISTAL DF &#8211; Bellido"},"content":{"rendered":"","protected":false},"excerpt":{"rendered":"<p>Les inserts Llama Cristal Double Front 70, 80 et 100 sont la solution id\u00e9ale pour votre maison. S\u00fbrs, pratiques, silencieux et \u00e9cologiques, ils permettent de chauffer de tr\u00e8s grandes surfaces en un temps record. Insert \u00e0 bois au design moderne avec int\u00e9rieur en BLACKERAM\u00ae.<\/p>\n<p>\u00c9quip\u00e9s d&rsquo;un syst\u00e8me de ventilation forc\u00e9e avec ventilateur tangentiel \u00e0 double corps, silencieux jusqu&rsquo;\u00e0 220 m3. Deux vitesses et thermostat de s\u00e9curit\u00e9. Pr\u00e9par\u00e9s avec deux bouches pour canaliser l&rsquo;air chaud vers les pi\u00e8ces adjacentes. Syst\u00e8me de post-combustion. Disponibles en trois tailles : 70, 80 et 100.<\/p>\n","protected":false},"featured_media":55451,"template":"","meta":{"_acf_changed":false},"product_brand":[4796],"product_cat":[4591],"product_tag":[],"class_list":{"0":"post-58993","1":"product","2":"type-product","3":"status-publish","4":"has-post-thumbnail","6":"product_brand-bellido-fr","7":"product_cat-inserts-au-bois","8":"product_shipping_class-inserti-a-legna-2-2","9":"pa_versione-llama-cristal-100-df-fr","10":"pa_versione-llama-cristal-70-df-fr","11":"pa_versione-llama-cristal-80-df-fr","12":"sales-flash-overlay","13":"woocommerce-text-align-center","14":"woocommerce-image-align-center","15":"do-quantity-buttons","17":"first","18":"instock","19":"taxable","20":"shipping-taxable","21":"purchasable","22":"product-type-variable"},"acf":[],"_links":{"self":[{"href":"https:\/\/www.fokussrl.com\/fr\/wp-json\/wp\/v2\/product\/58993","targetHints":{"allow":["GET"]}}],"collection":[{"href":"https:\/\/www.fokussrl.com\/fr\/wp-json\/wp\/v2\/product"}],"about":[{"href":"https:\/\/www.fokussrl.com\/fr\/wp-json\/wp\/v2\/types\/product"}],"wp:featuredmedia":[{"embeddable":true,"href":"https:\/\/www.fokussrl.com\/fr\/wp-json\/wp\/v2\/media\/55451"}],"wp:attachment":[{"href":"https:\/\/www.fokussrl.com\/fr\/wp-json\/wp\/v2\/media?parent=58993"}],"wp:term":[{"taxonomy":"product_brand","embeddable":true,"href":"https:\/\/www.fokussrl.com\/fr\/wp-json\/wp\/v2\/product_brand?post=58993"},{"taxonomy":"product_cat","embeddable":true,"href":"https:\/\/www.fokussrl.com\/fr\/wp-json\/wp\/v2\/product_cat?post=58993"},{"taxonomy":"product_tag","embeddable":true,"href":"https:\/\/www.fokussrl.com\/fr\/wp-json\/wp\/v2\/product_tag?post=58993"}],"curies":[{"name":"wp","href":"https:\/\/api.w.org\/{rel}","templated":true}]}}