{"id":58997,"date":"2025-02-01T17:01:29","date_gmt":"2025-02-01T16:01:29","guid":{"rendered":"http:\/\/fokussrl.com\/prodotto\/insert-bois-ventile-canalisable-leone\/"},"modified":"2025-02-01T17:08:15","modified_gmt":"2025-02-01T16:08:15","slug":"insert-bois-ventile-canalisable-leone","status":"publish","type":"product","link":"https:\/\/www.fokussrl.com\/fr\/produit\/insert-bois-ventile-canalisable-leone\/","title":{"rendered":"Insert \u00e0 bois ventil\u00e9 et canalisable LEONE &#8211; L&rsquo;artistico"},"content":{"rendered":"","protected":false},"excerpt":{"rendered":"<p>Nouvelle ligne d&rsquo;inserts \u00e0 bois ventil\u00e9s certifi\u00e9s 4 \u00e9toiles pour un confort maximal sans compromettre le design de l&rsquo;int\u00e9rieur.<\/p>\n<p>Fa\u00e7ade de porte en verre s\u00e9rigraphi\u00e9 noir<\/p>\n<p>Chambre de combustion en vermiculite<\/p>\n<p>Porte r\u00e9versible<\/p>\n<p>R\u00e9glage de l&rsquo;air de combustion<\/p>\n<p>Version avec kit de ventilation et de canalisation<\/p>\n","protected":false},"featured_media":55479,"template":"","meta":{"_acf_changed":false},"product_brand":[4822],"product_cat":[4591],"product_tag":[],"class_list":{"0":"post-58997","1":"product","2":"type-product","3":"status-publish","4":"has-post-thumbnail","6":"product_brand-l-artistico-fr","7":"product_cat-inserts-au-bois","8":"product_shipping_class-inserti-a-legna-2-2","9":"pa_modello-leone-60-fr","10":"pa_modello-leone-70-fr","11":"pa_modello-leone-80-fr","12":"sales-flash-overlay","13":"woocommerce-text-align-center","14":"woocommerce-image-align-center","15":"do-quantity-buttons","17":"first","18":"instock","19":"taxable","20":"shipping-taxable","21":"product-type-variable"},"acf":[],"_links":{"self":[{"href":"https:\/\/www.fokussrl.com\/fr\/wp-json\/wp\/v2\/product\/58997","targetHints":{"allow":["GET"]}}],"collection":[{"href":"https:\/\/www.fokussrl.com\/fr\/wp-json\/wp\/v2\/product"}],"about":[{"href":"https:\/\/www.fokussrl.com\/fr\/wp-json\/wp\/v2\/types\/product"}],"wp:featuredmedia":[{"embeddable":true,"href":"https:\/\/www.fokussrl.com\/fr\/wp-json\/wp\/v2\/media\/55479"}],"wp:attachment":[{"href":"https:\/\/www.fokussrl.com\/fr\/wp-json\/wp\/v2\/media?parent=58997"}],"wp:term":[{"taxonomy":"product_brand","embeddable":true,"href":"https:\/\/www.fokussrl.com\/fr\/wp-json\/wp\/v2\/product_brand?post=58997"},{"taxonomy":"product_cat","embeddable":true,"href":"https:\/\/www.fokussrl.com\/fr\/wp-json\/wp\/v2\/product_cat?post=58997"},{"taxonomy":"product_tag","embeddable":true,"href":"https:\/\/www.fokussrl.com\/fr\/wp-json\/wp\/v2\/product_tag?post=58997"}],"curies":[{"name":"wp","href":"https:\/\/api.w.org\/{rel}","templated":true}]}}