{"id":59001,"date":"2025-02-01T17:01:29","date_gmt":"2025-02-01T16:01:29","guid":{"rendered":"http:\/\/fokussrl.com\/prodotto\/insert-bois-lino-biagio-ventile-canalisable\/"},"modified":"2025-02-01T17:08:18","modified_gmt":"2025-02-01T16:08:18","slug":"insert-bois-lino-biagio-ventile-canalisable","status":"publish","type":"product","link":"https:\/\/www.fokussrl.com\/fr\/produit\/insert-bois-lino-biagio-ventile-canalisable\/","title":{"rendered":"Insert \u00e0 bois LINO &#8211; BIAGIO ventil\u00e9 et canalisable &#8211; Eva Calor"},"content":{"rendered":"","protected":false},"excerpt":{"rendered":"<p>Nouvelle ligne d&rsquo;inserts \u00e0 bois certifi\u00e9s 5 \u00e9toiles pour un confort maximal sans compromettre le design de l&rsquo;int\u00e9rieur.<\/p>\n<p>Fa\u00e7ade de porte en verre s\u00e9rigraphi\u00e9 noir<\/p>\n<p>Chambre de combustion en vermiculite<\/p>\n<p>R\u00e9glage de l&rsquo;air de combustion<\/p>\n<p>Poign\u00e9e amovible<\/p>\n","protected":false},"featured_media":55507,"template":"","meta":{"_acf_changed":false},"product_brand":[4807],"product_cat":[4591],"product_tag":[],"class_list":{"0":"post-59001","1":"product","2":"type-product","3":"status-publish","4":"has-post-thumbnail","6":"product_brand-eva-calor-fr","7":"product_cat-inserts-au-bois","8":"product_shipping_class-inserti-a-legna-2-2","9":"pa_colore-biagio-fr","10":"pa_colore-lin","11":"pa_versione-1-canalisation","12":"pa_versione-2-canalisations","13":"pa_versione-ventile","14":"sales-flash-overlay","15":"woocommerce-text-align-center","16":"woocommerce-image-align-center","17":"do-quantity-buttons","19":"first","20":"instock","21":"taxable","22":"shipping-taxable","23":"purchasable","24":"product-type-variable"},"acf":[],"_links":{"self":[{"href":"https:\/\/www.fokussrl.com\/fr\/wp-json\/wp\/v2\/product\/59001","targetHints":{"allow":["GET"]}}],"collection":[{"href":"https:\/\/www.fokussrl.com\/fr\/wp-json\/wp\/v2\/product"}],"about":[{"href":"https:\/\/www.fokussrl.com\/fr\/wp-json\/wp\/v2\/types\/product"}],"wp:featuredmedia":[{"embeddable":true,"href":"https:\/\/www.fokussrl.com\/fr\/wp-json\/wp\/v2\/media\/55507"}],"wp:attachment":[{"href":"https:\/\/www.fokussrl.com\/fr\/wp-json\/wp\/v2\/media?parent=59001"}],"wp:term":[{"taxonomy":"product_brand","embeddable":true,"href":"https:\/\/www.fokussrl.com\/fr\/wp-json\/wp\/v2\/product_brand?post=59001"},{"taxonomy":"product_cat","embeddable":true,"href":"https:\/\/www.fokussrl.com\/fr\/wp-json\/wp\/v2\/product_cat?post=59001"},{"taxonomy":"product_tag","embeddable":true,"href":"https:\/\/www.fokussrl.com\/fr\/wp-json\/wp\/v2\/product_tag?post=59001"}],"curies":[{"name":"wp","href":"https:\/\/api.w.org\/{rel}","templated":true}]}}