{"id":59008,"date":"2025-02-01T17:01:34","date_gmt":"2025-02-01T16:01:34","guid":{"rendered":"http:\/\/fokussrl.com\/prodotto\/insert-bois-ventile-llama-cristal\/"},"modified":"2025-02-01T17:08:18","modified_gmt":"2025-02-01T16:08:18","slug":"insert-bois-ventile-llama-cristal","status":"publish","type":"product","link":"https:\/\/www.fokussrl.com\/fr\/produit\/insert-bois-ventile-llama-cristal\/","title":{"rendered":"Insert \u00e0 bois ventil\u00e9 LLAMA CRISTAL &#8211; Bellido"},"content":{"rendered":"","protected":false},"excerpt":{"rendered":"<p>Nouvelle ligne d&rsquo;inserts \u00e0 bois ventil\u00e9s certifi\u00e9s ECODESIGN 2022 pour un confort maximal sans compromettre le design de l&rsquo;int\u00e9rieur.<\/p>\n","protected":false},"featured_media":55542,"template":"","meta":{"_acf_changed":false},"product_brand":[4796],"product_cat":[4591],"product_tag":[],"class_list":{"0":"post-59008","1":"product","2":"type-product","3":"status-publish","4":"has-post-thumbnail","6":"product_brand-bellido-fr","7":"product_cat-inserts-au-bois","8":"product_shipping_class-inserti-a-legna-2-2","9":"pa_versione-llama-cristal-100-fr","10":"pa_versione-llama-cristal-70-fr","11":"pa_versione-llama-cristal-80-fr","12":"sales-flash-overlay","13":"woocommerce-text-align-center","14":"woocommerce-image-align-center","15":"do-quantity-buttons","17":"first","18":"instock","19":"taxable","20":"shipping-taxable","21":"product-type-variable"},"acf":[],"_links":{"self":[{"href":"https:\/\/www.fokussrl.com\/fr\/wp-json\/wp\/v2\/product\/59008","targetHints":{"allow":["GET"]}}],"collection":[{"href":"https:\/\/www.fokussrl.com\/fr\/wp-json\/wp\/v2\/product"}],"about":[{"href":"https:\/\/www.fokussrl.com\/fr\/wp-json\/wp\/v2\/types\/product"}],"wp:featuredmedia":[{"embeddable":true,"href":"https:\/\/www.fokussrl.com\/fr\/wp-json\/wp\/v2\/media\/55542"}],"wp:attachment":[{"href":"https:\/\/www.fokussrl.com\/fr\/wp-json\/wp\/v2\/media?parent=59008"}],"wp:term":[{"taxonomy":"product_brand","embeddable":true,"href":"https:\/\/www.fokussrl.com\/fr\/wp-json\/wp\/v2\/product_brand?post=59008"},{"taxonomy":"product_cat","embeddable":true,"href":"https:\/\/www.fokussrl.com\/fr\/wp-json\/wp\/v2\/product_cat?post=59008"},{"taxonomy":"product_tag","embeddable":true,"href":"https:\/\/www.fokussrl.com\/fr\/wp-json\/wp\/v2\/product_tag?post=59008"}],"curies":[{"name":"wp","href":"https:\/\/api.w.org\/{rel}","templated":true}]}}