{"id":59012,"date":"2025-02-01T17:01:34","date_gmt":"2025-02-01T16:01:34","guid":{"rendered":"http:\/\/fokussrl.com\/prodotto\/insert-granules-eolo-12m-air-black-line\/"},"modified":"2025-02-01T17:08:19","modified_gmt":"2025-02-01T16:08:19","slug":"insert-granules-eolo-12m-air-black-line","status":"publish","type":"product","link":"https:\/\/www.fokussrl.com\/fr\/produit\/insert-granules-eolo-12m-air-black-line\/","title":{"rendered":"Insert \u00e0 granul\u00e9s EOLO 12M AIR BLACK LINE &#8211; Laminox"},"content":{"rendered":"","protected":false},"excerpt":{"rendered":"<p>Produit \u00e0 granul\u00e9s Air au design \u00e9pur\u00e9 et lin\u00e9aire. Mont\u00e9 sur une base coulissante pour faciliter les op\u00e9rations de nettoyage. \u00c9quip\u00e9 d&rsquo;un tiroir \u00e0 cendres et d&rsquo;un tiroir de chargement des granul\u00e9s frontaux, avec la possibilit\u00e9 d&rsquo;installer un syst\u00e8me de chargement suppl\u00e9mentaire. Esth\u00e9tique raffin\u00e9e gr\u00e2ce au verre fum\u00e9.<\/p>\n","protected":false},"featured_media":55574,"template":"","meta":{"_acf_changed":false},"product_brand":[4826],"product_cat":[4593],"product_tag":[],"class_list":{"0":"post-59012","1":"product","2":"type-product","3":"status-publish","4":"has-post-thumbnail","6":"product_brand-laminox-idro-fr","7":"product_cat-inserts-a-granules","8":"product_shipping_class-inserti-a-pellet-2-2","9":"pa_versione-canalise","10":"pa_versione-ventile","11":"sales-flash-overlay","12":"woocommerce-text-align-center","13":"woocommerce-image-align-center","14":"do-quantity-buttons","16":"first","17":"instock","18":"taxable","19":"shipping-taxable","20":"purchasable","21":"product-type-variable"},"acf":[],"_links":{"self":[{"href":"https:\/\/www.fokussrl.com\/fr\/wp-json\/wp\/v2\/product\/59012","targetHints":{"allow":["GET"]}}],"collection":[{"href":"https:\/\/www.fokussrl.com\/fr\/wp-json\/wp\/v2\/product"}],"about":[{"href":"https:\/\/www.fokussrl.com\/fr\/wp-json\/wp\/v2\/types\/product"}],"wp:featuredmedia":[{"embeddable":true,"href":"https:\/\/www.fokussrl.com\/fr\/wp-json\/wp\/v2\/media\/55574"}],"wp:attachment":[{"href":"https:\/\/www.fokussrl.com\/fr\/wp-json\/wp\/v2\/media?parent=59012"}],"wp:term":[{"taxonomy":"product_brand","embeddable":true,"href":"https:\/\/www.fokussrl.com\/fr\/wp-json\/wp\/v2\/product_brand?post=59012"},{"taxonomy":"product_cat","embeddable":true,"href":"https:\/\/www.fokussrl.com\/fr\/wp-json\/wp\/v2\/product_cat?post=59012"},{"taxonomy":"product_tag","embeddable":true,"href":"https:\/\/www.fokussrl.com\/fr\/wp-json\/wp\/v2\/product_tag?post=59012"}],"curies":[{"name":"wp","href":"https:\/\/api.w.org\/{rel}","templated":true}]}}