{"id":59015,"date":"2025-02-01T17:01:34","date_gmt":"2025-02-01T16:01:34","guid":{"rendered":"http:\/\/fokussrl.com\/prodotto\/insert-granules-canalise-focus\/"},"modified":"2025-02-01T17:08:20","modified_gmt":"2025-02-01T16:08:20","slug":"insert-granules-canalise-focus","status":"publish","type":"product","link":"https:\/\/www.fokussrl.com\/fr\/produit\/insert-granules-canalise-focus\/","title":{"rendered":"Insert \u00e0 granul\u00e9s canalis\u00e9 FOCUS &#8211; Kalor"},"content":{"rendered":"","protected":false},"excerpt":{"rendered":"<p>Insert \u00e0 granul\u00e9s disponible en 2 puissances et pr\u00e9par\u00e9 pour 2 syst\u00e8mes de canalisation.<\/p>\n<p>Le chargement des granul\u00e9s est facilit\u00e9 m\u00eame en cours de fonctionnement gr\u00e2ce \u00e0 une goulotte int\u00e9gr\u00e9e dans le tiroir du r\u00e9servoir. L&rsquo;utilisation d&rsquo;un chronothermostat mural permet de programmer automatiquement les horaires d&rsquo;allumage et d&rsquo;extinction en fonction des besoins du client.<\/p>\n","protected":false},"featured_media":55597,"template":"","meta":{"_acf_changed":false},"product_brand":[4818],"product_cat":[4593],"product_tag":[],"class_list":{"0":"post-59015","1":"product","2":"type-product","3":"status-publish","4":"has-post-thumbnail","6":"product_brand-kalor-fr","7":"product_cat-inserts-a-granules","8":"product_shipping_class-inserti-a-pellet-2-2","9":"pa_potenza-13-kw-fr","10":"pa_potenza-15-kw-fr","11":"sales-flash-overlay","12":"woocommerce-text-align-center","13":"woocommerce-image-align-center","14":"do-quantity-buttons","16":"first","17":"instock","18":"taxable","19":"shipping-taxable","20":"purchasable","21":"product-type-variable"},"acf":[],"_links":{"self":[{"href":"https:\/\/www.fokussrl.com\/fr\/wp-json\/wp\/v2\/product\/59015","targetHints":{"allow":["GET"]}}],"collection":[{"href":"https:\/\/www.fokussrl.com\/fr\/wp-json\/wp\/v2\/product"}],"about":[{"href":"https:\/\/www.fokussrl.com\/fr\/wp-json\/wp\/v2\/types\/product"}],"wp:featuredmedia":[{"embeddable":true,"href":"https:\/\/www.fokussrl.com\/fr\/wp-json\/wp\/v2\/media\/55597"}],"wp:attachment":[{"href":"https:\/\/www.fokussrl.com\/fr\/wp-json\/wp\/v2\/media?parent=59015"}],"wp:term":[{"taxonomy":"product_brand","embeddable":true,"href":"https:\/\/www.fokussrl.com\/fr\/wp-json\/wp\/v2\/product_brand?post=59015"},{"taxonomy":"product_cat","embeddable":true,"href":"https:\/\/www.fokussrl.com\/fr\/wp-json\/wp\/v2\/product_cat?post=59015"},{"taxonomy":"product_tag","embeddable":true,"href":"https:\/\/www.fokussrl.com\/fr\/wp-json\/wp\/v2\/product_tag?post=59015"}],"curies":[{"name":"wp","href":"https:\/\/api.w.org\/{rel}","templated":true}]}}