{"id":59018,"date":"2025-02-01T17:01:34","date_gmt":"2025-02-01T16:01:34","guid":{"rendered":"http:\/\/fokussrl.com\/prodotto\/insert-hydro-granules-apollo-idro-black-line\/"},"modified":"2025-02-01T17:08:20","modified_gmt":"2025-02-01T16:08:20","slug":"insert-hydro-granules-apollo-idro-black-line","status":"publish","type":"product","link":"https:\/\/www.fokussrl.com\/fr\/produit\/insert-hydro-granules-apollo-idro-black-line\/","title":{"rendered":"Insert hydro \u00e0 granul\u00e9s APOLLO IDRO BLACK LINE &#8211; Laminox"},"content":{"rendered":"","protected":false},"excerpt":{"rendered":"<p>Insert hydro \u00e0 granul\u00e9s de derni\u00e8re g\u00e9n\u00e9ration avec double vitrage pour une esth\u00e9tique recherch\u00e9e.<\/p>\n<p>Un \u00e9l\u00e9ment d\u00e9coratif au design moderne et \u00e0 la forme unique, propre et lin\u00e9aire.<\/p>\n<p>Corps de la machine extractible gr\u00e2ce \u00e0 un syst\u00e8me de guidage \u00e0 rouleaux qui facilite les entretiens p\u00e9riodiques et exceptionnels ainsi que le nettoyage facile des fum\u00e9es d&rsquo;\u00e9chappement.<\/p>\n<p>Brasero circulaire avec post-combustion \u2013 CCS LAMINOX (Circular Combustion System).<\/p>\n<p>Esth\u00e9tique raffin\u00e9e gr\u00e2ce au verre fum\u00e9.<\/p>\n<p>Classe \u00e9nerg\u00e9tique A+.<\/p>\n","protected":false},"featured_media":55612,"template":"","meta":{"_acf_changed":false},"product_brand":[4826],"product_cat":[4610],"product_tag":[],"class_list":{"0":"post-59018","1":"product","2":"type-product","3":"status-publish","4":"has-post-thumbnail","6":"product_brand-laminox-idro-fr","7":"product_cat-cheminees-hydro-a-granules","8":"product_shipping_class-termocamini-a-pellet-2-2","9":"pa_potenza-18-kw-fr","10":"pa_potenza-24-kw-fr","11":"sales-flash-overlay","12":"woocommerce-text-align-center","13":"woocommerce-image-align-center","14":"do-quantity-buttons","16":"first","17":"instock","18":"taxable","19":"shipping-taxable","20":"purchasable","21":"product-type-variable"},"acf":[],"_links":{"self":[{"href":"https:\/\/www.fokussrl.com\/fr\/wp-json\/wp\/v2\/product\/59018","targetHints":{"allow":["GET"]}}],"collection":[{"href":"https:\/\/www.fokussrl.com\/fr\/wp-json\/wp\/v2\/product"}],"about":[{"href":"https:\/\/www.fokussrl.com\/fr\/wp-json\/wp\/v2\/types\/product"}],"wp:featuredmedia":[{"embeddable":true,"href":"https:\/\/www.fokussrl.com\/fr\/wp-json\/wp\/v2\/media\/55612"}],"wp:attachment":[{"href":"https:\/\/www.fokussrl.com\/fr\/wp-json\/wp\/v2\/media?parent=59018"}],"wp:term":[{"taxonomy":"product_brand","embeddable":true,"href":"https:\/\/www.fokussrl.com\/fr\/wp-json\/wp\/v2\/product_brand?post=59018"},{"taxonomy":"product_cat","embeddable":true,"href":"https:\/\/www.fokussrl.com\/fr\/wp-json\/wp\/v2\/product_cat?post=59018"},{"taxonomy":"product_tag","embeddable":true,"href":"https:\/\/www.fokussrl.com\/fr\/wp-json\/wp\/v2\/product_tag?post=59018"}],"curies":[{"name":"wp","href":"https:\/\/api.w.org\/{rel}","templated":true}]}}