{"id":59021,"date":"2025-02-01T17:01:34","date_gmt":"2025-02-01T16:01:34","guid":{"rendered":"http:\/\/fokussrl.com\/prodotto\/insert-hydro-granules-pfp-240-glass\/"},"modified":"2025-02-01T17:08:21","modified_gmt":"2025-02-01T16:08:21","slug":"insert-hydro-granules-pfp-240-glass","status":"publish","type":"product","link":"https:\/\/www.fokussrl.com\/fr\/produit\/insert-hydro-granules-pfp-240-glass\/","title":{"rendered":"Insert hydro \u00e0 granul\u00e9s PFP 240 GLASS &#8211; Klover"},"content":{"rendered":"","protected":false},"excerpt":{"rendered":"<p>Insert hydro \u00e0 granul\u00e9s de derni\u00e8re g\u00e9n\u00e9ration avec double vitrage pour une esth\u00e9tique recherch\u00e9e et production instantan\u00e9e d&rsquo;eau chaude sanitaire brevet\u00e9e SICUR TOP.<\/p>\n<p>\u2022 Chargement des granul\u00e9s facilit\u00e9 gr\u00e2ce \u00e0 un tiroir sup\u00e9rieur pratique<\/p>\n<p>\u2022 Machine extractible pour le nettoyage et l&rsquo;entretien<\/p>\n<p>\u2022 Brasero en fonte<\/p>\n<p>\u2022 Tous les composants hydrauliques inclus en standard<\/p>\n<p>\u2022 Circuit de fum\u00e9e facile \u00e0 nettoyer<\/p>\n<p><strong>Caract\u00e9ristiques Techniques<\/strong><\/p>\n<p><strong>Brasero en fonte<\/strong><\/p>\n<p>Gr\u00e2ce \u00e0 l&rsquo;\u00e9tanch\u00e9it\u00e9 du brasero et de son joint, le flux d&rsquo;oxyg\u00e8ne concentr\u00e9 pr\u00e9vient les incrustations.<\/p>\n<p><strong>Circulateur \u00e9lectronique<\/strong><\/p>\n<p>Le circulateur \u00e9lectronique de derni\u00e8re g\u00e9n\u00e9ration r\u00e9duit au minimum la consommation d&rsquo;\u00e9nergie \u00e9lectrique.<\/p>\n<p><strong>\u00c9cran tactile<\/strong><\/p>\n<p>Commandez votre appareil avec une simple pression sur l&rsquo;\u00e9cran tactile ultra-moderne.<\/p>\n<p><strong>Double vitrage<\/strong><\/p>\n<p><strong>Programmateur hebdomadaire<\/strong><\/p>\n<p>Avec le chronothermostat int\u00e9gr\u00e9, vous pouvez programmer jusqu&rsquo;\u00e0 4 cycles d&rsquo;allumage\/extinction par jour pour optimiser le fonctionnement tout au long de la journ\u00e9e.<\/p>\n<p><strong>Carte \u00e9lectronique de derni\u00e8re g\u00e9n\u00e9ration<\/strong><\/p>\n<p>Con\u00e7ue pour un contr\u00f4le total, une efficacit\u00e9 et une s\u00e9curit\u00e9 maximales de l&rsquo;appareil.<\/p>\n<p><strong>Sortie sup\u00e9rieure<\/strong><\/p>\n<p>Pr\u00eate pour l&rsquo;\u00e9vacuation sup\u00e9rieure<\/p>\n<p><strong>Traitement \u00ab\u00a0Chrome Protected<\/strong><\/p>\n<p>Le syst\u00e8me de chargement des granul\u00e9s est enti\u00e8rement chrom\u00e9 pour pr\u00e9venir la d\u00e9t\u00e9rioration et l&rsquo;usure dues \u00e0 l&rsquo;humidit\u00e9 du combustible.<\/p>\n","protected":false},"featured_media":53052,"template":"","meta":{"_acf_changed":false},"product_brand":[4820],"product_cat":[4610],"product_tag":[],"class_list":{"0":"post-59021","1":"product","2":"type-product","3":"status-publish","4":"has-post-thumbnail","6":"product_brand-klover-fr","7":"product_cat-cheminees-hydro-a-granules","8":"product_shipping_class-termocamini-a-pellet-2-2","9":"pa_versione-eau-chaude-uniquement-pour-le-chauffage","10":"pa_versione-ecs-eau-chaude-sanitaire","11":"sales-flash-overlay","12":"woocommerce-text-align-center","13":"woocommerce-image-align-center","14":"do-quantity-buttons","16":"first","17":"instock","18":"taxable","19":"shipping-taxable","20":"purchasable","21":"product-type-variable"},"acf":[],"_links":{"self":[{"href":"https:\/\/www.fokussrl.com\/fr\/wp-json\/wp\/v2\/product\/59021","targetHints":{"allow":["GET"]}}],"collection":[{"href":"https:\/\/www.fokussrl.com\/fr\/wp-json\/wp\/v2\/product"}],"about":[{"href":"https:\/\/www.fokussrl.com\/fr\/wp-json\/wp\/v2\/types\/product"}],"wp:featuredmedia":[{"embeddable":true,"href":"https:\/\/www.fokussrl.com\/fr\/wp-json\/wp\/v2\/media\/53052"}],"wp:attachment":[{"href":"https:\/\/www.fokussrl.com\/fr\/wp-json\/wp\/v2\/media?parent=59021"}],"wp:term":[{"taxonomy":"product_brand","embeddable":true,"href":"https:\/\/www.fokussrl.com\/fr\/wp-json\/wp\/v2\/product_brand?post=59021"},{"taxonomy":"product_cat","embeddable":true,"href":"https:\/\/www.fokussrl.com\/fr\/wp-json\/wp\/v2\/product_cat?post=59021"},{"taxonomy":"product_tag","embeddable":true,"href":"https:\/\/www.fokussrl.com\/fr\/wp-json\/wp\/v2\/product_tag?post=59021"}],"curies":[{"name":"wp","href":"https:\/\/api.w.org\/{rel}","templated":true}]}}