{"id":59024,"date":"2025-02-01T17:01:34","date_gmt":"2025-02-01T16:01:34","guid":{"rendered":"http:\/\/fokussrl.com\/prodotto\/monobloc-bois-deux-faces-chopok-r90-s-500-convection-naturelle\/"},"modified":"2025-02-01T17:08:24","modified_gmt":"2025-02-01T16:08:24","slug":"monobloc-bois-deux-faces-chopok-r90-s-500-convection-naturelle","status":"publish","type":"product","link":"https:\/\/www.fokussrl.com\/fr\/produit\/monobloc-bois-deux-faces-chopok-r90-s-500-convection-naturelle\/","title":{"rendered":"Monobloc \u00e0 bois deux faces CHOPOK R90 S 500 Convection Naturelle &#8211; Kobok"},"content":{"rendered":"","protected":false},"excerpt":{"rendered":"<p>CHOPOK R90 S500 VD est une chemin\u00e9e \u00e0 air chaud avec du verre sur deux c\u00f4t\u00e9s, disponible en version droite et gauche. Porte coulissante avec un m\u00e9canisme de glissement par c\u00e2ble silencieux. Sa puissance varie de 10 kW \u00e0 12 kW, adapt\u00e9e au chauffage des maisons \u00e0 faible consommation d&rsquo;\u00e9nergie. La chemin\u00e9e peut \u00eatre \u00e9quip\u00e9e, sur demande, d&rsquo;un \u00e9changeur d&rsquo;air chaud. L&rsquo;\u00e9changeur permet de distribuer l&rsquo;air chaud dans d&rsquo;autres pi\u00e8ces. Elle peut \u00e9galement \u00eatre \u00e9quip\u00e9e en option de plaques d&rsquo;accumulation pour une r\u00e9serve de chaleur allant jusqu&rsquo;\u00e0 12 heures apr\u00e8s l&rsquo;extinction de la chemin\u00e9e.<\/p>\n<p>La chambre de combustion est compos\u00e9e de mat\u00e9riau r\u00e9fractaire r\u00e9sistant au feu.<\/p>\n<p>Design moderne et \u00e9l\u00e9gant avec une poign\u00e9e anti-br\u00fblure.<\/p>\n<p>Raccord pour prise d&rsquo;air ext\u00e9rieur.<\/p>\n<p>Syst\u00e8me de verre propre.<\/p>\n","protected":false},"featured_media":55638,"template":"","meta":{"_acf_changed":false},"product_brand":[4821],"product_cat":[4586],"product_tag":[],"class_list":{"0":"post-59024","1":"product","2":"type-product","3":"status-publish","4":"has-post-thumbnail","6":"product_brand-kobok-fr","7":"product_cat-monoblocs-au-bois","8":"product_shipping_class-monoblocchi-a-legna-2-2","9":"pa_modello-720-fr","10":"pa_modello-780-fr","11":"pa_modello-830-fr","12":"pa_modello-890-fr","13":"pa_modello-950-fr","14":"pa_versione-droite-3","15":"pa_versione-gauche-fr","16":"sales-flash-overlay","17":"woocommerce-text-align-center","18":"woocommerce-image-align-center","19":"do-quantity-buttons","21":"first","22":"instock","23":"taxable","24":"shipping-taxable","25":"product-type-variable"},"acf":[],"_links":{"self":[{"href":"https:\/\/www.fokussrl.com\/fr\/wp-json\/wp\/v2\/product\/59024","targetHints":{"allow":["GET"]}}],"collection":[{"href":"https:\/\/www.fokussrl.com\/fr\/wp-json\/wp\/v2\/product"}],"about":[{"href":"https:\/\/www.fokussrl.com\/fr\/wp-json\/wp\/v2\/types\/product"}],"wp:featuredmedia":[{"embeddable":true,"href":"https:\/\/www.fokussrl.com\/fr\/wp-json\/wp\/v2\/media\/55638"}],"wp:attachment":[{"href":"https:\/\/www.fokussrl.com\/fr\/wp-json\/wp\/v2\/media?parent=59024"}],"wp:term":[{"taxonomy":"product_brand","embeddable":true,"href":"https:\/\/www.fokussrl.com\/fr\/wp-json\/wp\/v2\/product_brand?post=59024"},{"taxonomy":"product_cat","embeddable":true,"href":"https:\/\/www.fokussrl.com\/fr\/wp-json\/wp\/v2\/product_cat?post=59024"},{"taxonomy":"product_tag","embeddable":true,"href":"https:\/\/www.fokussrl.com\/fr\/wp-json\/wp\/v2\/product_tag?post=59024"}],"curies":[{"name":"wp","href":"https:\/\/api.w.org\/{rel}","templated":true}]}}