{"id":59043,"date":"2025-02-01T17:01:39","date_gmt":"2025-02-01T16:01:39","guid":{"rendered":"http:\/\/fokussrl.com\/prodotto\/monobloc-bois-ventile-800-angle\/"},"modified":"2025-02-01T17:08:28","modified_gmt":"2025-02-01T16:08:28","slug":"monobloc-bois-ventile-800-angle","status":"publish","type":"product","link":"https:\/\/www.fokussrl.com\/fr\/produit\/monobloc-bois-ventile-800-angle\/","title":{"rendered":"Monobloc \u00e0 bois ventil\u00e9 800 ANGLE &#8211; La Nordica &#8211; Extraflame"},"content":{"rendered":"","protected":false},"excerpt":{"rendered":"<p>Le Monoblocco 800 Angolo est une solution \u00e9l\u00e9gante pour chemin\u00e9es, con\u00e7ue pour offrir un confort et des performances sup\u00e9rieures. Avec une structure robuste en fonte de grande \u00e9paisseur, ce monobloc garantit une durabilit\u00e9 exceptionnelle et une distribution uniforme de la chaleur. Le foyer en fonte et Nordiker assure une combustion efficace et des performances thermiques optimales.<\/p>\n<p>\u00c9quip\u00e9 d&rsquo;un tiroir \u00e0 cendres amovible pratique, ce monobloc facilite le nettoyage. La gestion de la combustion est encore am\u00e9lior\u00e9e gr\u00e2ce \u00e0 l&rsquo;air primaire et secondaire r\u00e9glable, permettant un contr\u00f4le pr\u00e9cis de la temp\u00e9rature et des \u00e9missions.<\/p>\n<p>Le verre c\u00e9ramique d&rsquo;angle en une seule pi\u00e8ce offre une vue panoramique sur le feu, tandis que la hotte en acier sp\u00e9cial de 3 mm d&rsquo;\u00e9paisseur assure une extraction efficace des fum\u00e9es. Pour un confort optimal, un syst\u00e8me de ventilation est disponible via Carter, Kit de ventilation ou Kit Wind Air.<\/p>\n<p>Certifi\u00e9 4 \u00e9toiles selon les exigences strictes d&rsquo;\u00e9missions et de rendement de la certification Aria Pulita, ce produit offre une solution \u00e9cologique et performante pour votre int\u00e9rieur. Avec le Monoblocco 800 Angolo, profitez de la chaleur accueillante et de l&rsquo;ambiance relaxante d&rsquo;une chemin\u00e9e \u00e0 bois, avec la tranquillit\u00e9 d&rsquo;esprit d&rsquo;avoir un produit de qualit\u00e9 sup\u00e9rieure.<\/p>\n","protected":false},"featured_media":55681,"template":"","meta":{"_acf_changed":false},"product_brand":[4824],"product_cat":[4586],"product_tag":[],"class_list":{"0":"post-59043","1":"product","2":"type-product","3":"status-publish","4":"has-post-thumbnail","6":"product_brand-la-nordica-extraflame-fr","7":"product_cat-monoblocs-au-bois","8":"product_shipping_class-monoblocchi-a-legna-2-2","9":"pa_modello-kit-de-ventilation-monobloc","10":"pa_modello-kit-wind-air-fr","11":"pa_versione-droite-3","12":"pa_versione-gauche-fr","13":"sales-flash-overlay","14":"woocommerce-text-align-center","15":"woocommerce-image-align-center","16":"do-quantity-buttons","18":"first","19":"instock","20":"taxable","21":"shipping-taxable","22":"purchasable","23":"product-type-variable"},"acf":[],"_links":{"self":[{"href":"https:\/\/www.fokussrl.com\/fr\/wp-json\/wp\/v2\/product\/59043","targetHints":{"allow":["GET"]}}],"collection":[{"href":"https:\/\/www.fokussrl.com\/fr\/wp-json\/wp\/v2\/product"}],"about":[{"href":"https:\/\/www.fokussrl.com\/fr\/wp-json\/wp\/v2\/types\/product"}],"wp:featuredmedia":[{"embeddable":true,"href":"https:\/\/www.fokussrl.com\/fr\/wp-json\/wp\/v2\/media\/55681"}],"wp:attachment":[{"href":"https:\/\/www.fokussrl.com\/fr\/wp-json\/wp\/v2\/media?parent=59043"}],"wp:term":[{"taxonomy":"product_brand","embeddable":true,"href":"https:\/\/www.fokussrl.com\/fr\/wp-json\/wp\/v2\/product_brand?post=59043"},{"taxonomy":"product_cat","embeddable":true,"href":"https:\/\/www.fokussrl.com\/fr\/wp-json\/wp\/v2\/product_cat?post=59043"},{"taxonomy":"product_tag","embeddable":true,"href":"https:\/\/www.fokussrl.com\/fr\/wp-json\/wp\/v2\/product_tag?post=59043"}],"curies":[{"name":"wp","href":"https:\/\/api.w.org\/{rel}","templated":true}]}}