{"id":59056,"date":"2025-02-01T17:01:43","date_gmt":"2025-02-01T16:01:43","guid":{"rendered":"http:\/\/fokussrl.com\/prodotto\/monobloc-bois-frontal-chopok-l-ld-convection-naturelle\/"},"modified":"2025-02-01T17:08:31","modified_gmt":"2025-02-01T16:08:31","slug":"monobloc-bois-frontal-chopok-l-ld-convection-naturelle","status":"publish","type":"product","link":"https:\/\/www.fokussrl.com\/fr\/produit\/monobloc-bois-frontal-chopok-l-ld-convection-naturelle\/","title":{"rendered":"Monobloc \u00e0 bois frontal CHOPOK L LD Convection Naturelle &#8211; Kobok"},"content":{"rendered":"","protected":false},"excerpt":{"rendered":"<p>CHOPOK L LD est une chemin\u00e9e \u00e0 air chaud avec un verre design et une largeur de 612 mm. Porte classique avec ouverture traditionnelle. Disponible en 8 dimensions de largeur et 3 options de hauteur. Pour des raisons esth\u00e9tiques et de design, nous avons consid\u00e9r\u00e9 une hauteur de verre inf\u00e9rieure \u00e0 450 mm, offrant un effet 16:9. Sa puissance varie de 8 \u00e0 12 kW selon la taille. La chemin\u00e9e peut \u00eatre \u00e9quip\u00e9e, sur demande, d&rsquo;un \u00e9changeur d&rsquo;air chaud permettant de distribuer l&rsquo;air chaud dans d&rsquo;autres pi\u00e8ces. Elle peut \u00e9galement \u00eatre \u00e9quip\u00e9e de plaques d&rsquo;accumulation en option pour une r\u00e9serve de chaleur allant jusqu&rsquo;\u00e0 12 heures apr\u00e8s l&rsquo;arr\u00eat de la chemin\u00e9e.<\/p>\n<p>La chambre de combustion est compos\u00e9e de mat\u00e9riau r\u00e9fractaire r\u00e9sistant au feu.<\/p>\n<p>Design moderne et \u00e9l\u00e9gant avec une poign\u00e9e anti-br\u00fblure.<\/p>\n<p>Raccord pour prise d&rsquo;air ext\u00e9rieur.<\/p>\n<p>Syst\u00e8me de verre propre.<\/p>\n","protected":false},"featured_media":55722,"template":"","meta":{"_acf_changed":false},"product_brand":[4821],"product_cat":[4586],"product_tag":[],"class_list":{"0":"post-59056","1":"product","2":"type-product","3":"status-publish","4":"has-post-thumbnail","6":"product_brand-kobok-fr","7":"product_cat-monoblocs-au-bois","8":"product_shipping_class-monoblocchi-a-legna-2-2","9":"pa_modello-500-fr","10":"pa_modello-550-fr","11":"pa_modello-600-fr","12":"pa_modello-670-fr","13":"pa_modello-730-fr","14":"pa_modello-780-fr","15":"pa_modello-840-fr","16":"pa_modello-900-fr","17":"sales-flash-overlay","18":"woocommerce-text-align-center","19":"woocommerce-image-align-center","20":"do-quantity-buttons","22":"first","23":"instock","24":"taxable","25":"shipping-taxable","26":"purchasable","27":"product-type-variable"},"acf":[],"_links":{"self":[{"href":"https:\/\/www.fokussrl.com\/fr\/wp-json\/wp\/v2\/product\/59056","targetHints":{"allow":["GET"]}}],"collection":[{"href":"https:\/\/www.fokussrl.com\/fr\/wp-json\/wp\/v2\/product"}],"about":[{"href":"https:\/\/www.fokussrl.com\/fr\/wp-json\/wp\/v2\/types\/product"}],"wp:featuredmedia":[{"embeddable":true,"href":"https:\/\/www.fokussrl.com\/fr\/wp-json\/wp\/v2\/media\/55722"}],"wp:attachment":[{"href":"https:\/\/www.fokussrl.com\/fr\/wp-json\/wp\/v2\/media?parent=59056"}],"wp:term":[{"taxonomy":"product_brand","embeddable":true,"href":"https:\/\/www.fokussrl.com\/fr\/wp-json\/wp\/v2\/product_brand?post=59056"},{"taxonomy":"product_cat","embeddable":true,"href":"https:\/\/www.fokussrl.com\/fr\/wp-json\/wp\/v2\/product_cat?post=59056"},{"taxonomy":"product_tag","embeddable":true,"href":"https:\/\/www.fokussrl.com\/fr\/wp-json\/wp\/v2\/product_tag?post=59056"}],"curies":[{"name":"wp","href":"https:\/\/api.w.org\/{rel}","templated":true}]}}