{"id":59078,"date":"2025-02-01T17:01:48","date_gmt":"2025-02-01T16:01:48","guid":{"rendered":"http:\/\/fokussrl.com\/prodotto\/monobloc-bois-frontal-frame\/"},"modified":"2025-02-01T17:08:36","modified_gmt":"2025-02-01T16:08:36","slug":"monobloc-bois-frontal-frame","status":"publish","type":"product","link":"https:\/\/www.fokussrl.com\/fr\/produit\/monobloc-bois-frontal-frame\/","title":{"rendered":"Monobloc \u00e0 bois frontal FRAME &#8211; Girolami"},"content":{"rendered":"","protected":false},"excerpt":{"rendered":"<p>La gamme de monoblocs \u00e0 air chaud FRAME repr\u00e9sente la solution parfaite et technologiquement la plus avanc\u00e9e pour le chauffage \u00e0 air des espaces.<\/p>\n<p>Vous pouvez choisir entre la version frontale ou les mod\u00e8les avec verre d&rsquo;angle dans les variantes 80, 100 et 120. Le cadre en verre minimal et l&rsquo;int\u00e9rieur r\u00e9fractaire blanc Keraltek offrent une vue imprenable sur la flamme, vous permettant d&rsquo;en appr\u00e9cier la beaut\u00e9 m\u00eame lorsqu&rsquo;elle est \u00e9teinte.<\/p>\n<p>Disponible \u00e0 la fois dans la version avec chauffage par convection naturelle (sans ventilation forc\u00e9e) et dans la version avec deux sorties canalisables (avec ventilation forc\u00e9e).<\/p>\n","protected":false},"featured_media":70468,"template":"","meta":{"_acf_changed":false},"product_brand":[4814],"product_cat":[4586],"product_tag":[],"class_list":{"0":"post-59078","1":"product","2":"type-product","3":"status-publish","4":"has-post-thumbnail","6":"product_brand-girolami-fr","7":"product_cat-monoblocs-au-bois","8":"product_shipping_class-monoblocchi-a-legna-2-2","9":"pa_modello-frame-100-fr","10":"pa_modello-frame-120-fr","11":"pa_modello-frame-80-fr","12":"pa_versione-convection-naturelle","13":"pa_versione-ventilation-forcee","14":"sales-flash-overlay","15":"woocommerce-text-align-center","16":"woocommerce-image-align-center","17":"do-quantity-buttons","19":"first","20":"instock","21":"taxable","22":"shipping-taxable","23":"purchasable","24":"product-type-variable"},"acf":[],"_links":{"self":[{"href":"https:\/\/www.fokussrl.com\/fr\/wp-json\/wp\/v2\/product\/59078","targetHints":{"allow":["GET"]}}],"collection":[{"href":"https:\/\/www.fokussrl.com\/fr\/wp-json\/wp\/v2\/product"}],"about":[{"href":"https:\/\/www.fokussrl.com\/fr\/wp-json\/wp\/v2\/types\/product"}],"wp:featuredmedia":[{"embeddable":true,"href":"https:\/\/www.fokussrl.com\/fr\/wp-json\/wp\/v2\/media\/70468"}],"wp:attachment":[{"href":"https:\/\/www.fokussrl.com\/fr\/wp-json\/wp\/v2\/media?parent=59078"}],"wp:term":[{"taxonomy":"product_brand","embeddable":true,"href":"https:\/\/www.fokussrl.com\/fr\/wp-json\/wp\/v2\/product_brand?post=59078"},{"taxonomy":"product_cat","embeddable":true,"href":"https:\/\/www.fokussrl.com\/fr\/wp-json\/wp\/v2\/product_cat?post=59078"},{"taxonomy":"product_tag","embeddable":true,"href":"https:\/\/www.fokussrl.com\/fr\/wp-json\/wp\/v2\/product_tag?post=59078"}],"curies":[{"name":"wp","href":"https:\/\/api.w.org\/{rel}","templated":true}]}}