{"id":59085,"date":"2025-02-01T17:01:48","date_gmt":"2025-02-01T16:01:48","guid":{"rendered":"http:\/\/fokussrl.com\/prodotto\/monobloc-bois-inserto-air-wood\/"},"modified":"2025-02-01T17:08:40","modified_gmt":"2025-02-01T16:08:40","slug":"monobloc-bois-inserto-air-wood","status":"publish","type":"product","link":"https:\/\/www.fokussrl.com\/fr\/produit\/monobloc-bois-inserto-air-wood\/","title":{"rendered":"Monobloc \u00e0 bois INSERTO AIR WOOD &#8211; Carinci"},"content":{"rendered":"","protected":false},"excerpt":{"rendered":"<p>L&rsquo;insert \u00e0 bois Air Wood est facile \u00e0 installer dans toutes les habitations et garantit des \u00e9conomies maximales en chauffage. L&rsquo;air chaud produit par la combustion \u00e9cologique et \u00e9conomique du bois est transport\u00e9 dans toutes les pi\u00e8ces de la maison gr\u00e2ce \u00e0 un syst\u00e8me de canalisation assurant une temp\u00e9rature de sortie allant jusqu&rsquo;\u00e0 80\u00b0C. Disponible en plusieurs puissances selon les besoins.<\/p>\n<p>La chambre de combustion est enti\u00e8rement rev\u00eatue de mat\u00e9riau r\u00e9fractaire pour une combustion parfaite, garantissant un rendement \u00e9lev\u00e9 et de faibles \u00e9missions polluantes. Fabriqu\u00e9 avec des composants de tr\u00e8s haute qualit\u00e9 pour garantir un produit s\u00fbr, performant et certifi\u00e9 conforme aux normes en vigueur. L&rsquo;insert de chemin\u00e9e Air Wood est \u00e9quip\u00e9 d&rsquo;un syst\u00e8me r\u00e9glable de circulation d&rsquo;air chaud permettant un chauffage homog\u00e8ne de l&rsquo;environnement et de deux ventilateurs centrifuges standard pour canaliser l&rsquo;air chaud dans les pi\u00e8ces adjacentes.<\/p>\n","protected":false},"featured_media":55803,"template":"","meta":{"_acf_changed":false},"product_brand":[4802],"product_cat":[4586],"product_tag":[],"class_list":{"0":"post-59085","1":"product","2":"type-product","3":"status-publish","4":"has-post-thumbnail","6":"product_brand-carinci-fr","7":"product_cat-monoblocs-au-bois","8":"product_shipping_class-monoblocchi-a-legna-2-2","9":"pa_potenza-12-kw-fr","10":"pa_potenza-14-kw-fr","11":"pa_potenza-16-kw-fr","12":"pa_potenza-18-kw-fr","13":"pa_potenza-20-kw-fr","14":"pa_potenza-22-kw-fr","15":"pa_versione-convection-naturelle","16":"pa_versione-ventile","17":"sales-flash-overlay","18":"woocommerce-text-align-center","19":"woocommerce-image-align-center","20":"do-quantity-buttons","22":"first","23":"instock","24":"taxable","25":"shipping-taxable","26":"product-type-variable"},"acf":[],"_links":{"self":[{"href":"https:\/\/www.fokussrl.com\/fr\/wp-json\/wp\/v2\/product\/59085","targetHints":{"allow":["GET"]}}],"collection":[{"href":"https:\/\/www.fokussrl.com\/fr\/wp-json\/wp\/v2\/product"}],"about":[{"href":"https:\/\/www.fokussrl.com\/fr\/wp-json\/wp\/v2\/types\/product"}],"wp:featuredmedia":[{"embeddable":true,"href":"https:\/\/www.fokussrl.com\/fr\/wp-json\/wp\/v2\/media\/55803"}],"wp:attachment":[{"href":"https:\/\/www.fokussrl.com\/fr\/wp-json\/wp\/v2\/media?parent=59085"}],"wp:term":[{"taxonomy":"product_brand","embeddable":true,"href":"https:\/\/www.fokussrl.com\/fr\/wp-json\/wp\/v2\/product_brand?post=59085"},{"taxonomy":"product_cat","embeddable":true,"href":"https:\/\/www.fokussrl.com\/fr\/wp-json\/wp\/v2\/product_cat?post=59085"},{"taxonomy":"product_tag","embeddable":true,"href":"https:\/\/www.fokussrl.com\/fr\/wp-json\/wp\/v2\/product_tag?post=59085"}],"curies":[{"name":"wp","href":"https:\/\/api.w.org\/{rel}","templated":true}]}}