{"id":59098,"date":"2025-02-01T17:01:53","date_gmt":"2025-02-01T16:01:53","guid":{"rendered":"http:\/\/fokussrl.com\/prodotto\/poele-gaz-loft\/"},"modified":"2025-02-01T17:08:43","modified_gmt":"2025-02-01T16:08:43","slug":"poele-gaz-loft","status":"publish","type":"product","link":"https:\/\/www.fokussrl.com\/fr\/produit\/poele-gaz-loft\/","title":{"rendered":"Po\u00eale \u00e0 gaz LOFT &#8211; Gazco"},"content":{"rendered":"","protected":false},"excerpt":{"rendered":"<p>Des lignes nettes et des surfaces \u00e9l\u00e9gantes assurent un design pur pour le po\u00eale Loft, cr\u00e9ant un point focal saisissant dans votre maison.<\/p>\n<p>Le verre noir r\u00e9fl\u00e9chissant encadre le foyer haut du po\u00eale, en contraste subtil avec le corps en acier mat. Les flammes dansent sur un lit de combustible hautement r\u00e9aliste, compos\u00e9 de b\u00fbches peintes \u00e0 la main, refl\u00e9t\u00e9es sur tous les c\u00f4t\u00e9s par le rev\u00eatement en verre EchoFlame\u2122 Black.<\/p>\n<p>Le Loft peut \u00eatre adapt\u00e9 \u00e0 votre maison avec une multitude de solutions de style, de la version sur socle au rangement pour b\u00fbches, aux options suspendues et m\u00eame un capuchon pour accentuer la hauteur du po\u00eale. Disponible en versions avec conduit traditionnel ou \u00e0 tirage \u00e9quilibr\u00e9.<\/p>\n","protected":false},"featured_media":55836,"template":"","meta":{"_acf_changed":false},"product_brand":[4813],"product_cat":[4598],"product_tag":[],"class_list":{"0":"post-59098","1":"product","2":"type-product","3":"status-publish","4":"has-post-thumbnail","6":"product_brand-gazco-fr","7":"product_cat-poeles-a-gaz","8":"product_shipping_class-stufe-a-gas-2-2","9":"pa_versione-base-avec-evacuation-coaxiale","10":"pa_versione-base-avec-evacuation-traditionnelle","11":"pa_versione-range-buches-avec-evacuation-coaxiale","12":"pa_versione-range-buches-avec-evacuation-traditionnelle","13":"pa_versione-suspendu-avec-evacuation-coaxiale","14":"sales-flash-overlay","15":"woocommerce-text-align-center","16":"woocommerce-image-align-center","17":"do-quantity-buttons","19":"first","20":"instock","21":"taxable","22":"shipping-taxable","23":"purchasable","24":"product-type-variable"},"acf":[],"_links":{"self":[{"href":"https:\/\/www.fokussrl.com\/fr\/wp-json\/wp\/v2\/product\/59098","targetHints":{"allow":["GET"]}}],"collection":[{"href":"https:\/\/www.fokussrl.com\/fr\/wp-json\/wp\/v2\/product"}],"about":[{"href":"https:\/\/www.fokussrl.com\/fr\/wp-json\/wp\/v2\/types\/product"}],"wp:featuredmedia":[{"embeddable":true,"href":"https:\/\/www.fokussrl.com\/fr\/wp-json\/wp\/v2\/media\/55836"}],"wp:attachment":[{"href":"https:\/\/www.fokussrl.com\/fr\/wp-json\/wp\/v2\/media?parent=59098"}],"wp:term":[{"taxonomy":"product_brand","embeddable":true,"href":"https:\/\/www.fokussrl.com\/fr\/wp-json\/wp\/v2\/product_brand?post=59098"},{"taxonomy":"product_cat","embeddable":true,"href":"https:\/\/www.fokussrl.com\/fr\/wp-json\/wp\/v2\/product_cat?post=59098"},{"taxonomy":"product_tag","embeddable":true,"href":"https:\/\/www.fokussrl.com\/fr\/wp-json\/wp\/v2\/product_tag?post=59098"}],"curies":[{"name":"wp","href":"https:\/\/api.w.org\/{rel}","templated":true}]}}