{"id":59104,"date":"2025-02-01T17:01:53","date_gmt":"2025-02-01T16:01:53","guid":{"rendered":"http:\/\/fokussrl.com\/prodotto\/poele-bois-accumulation-clipper\/"},"modified":"2025-07-20T22:16:06","modified_gmt":"2025-07-20T20:16:06","slug":"poele-bois-accumulation-clipper","status":"publish","type":"product","link":"https:\/\/www.fokussrl.com\/fr\/produit\/poele-bois-accumulation-clipper\/","title":{"rendered":"Po\u00eale \u00e0 bois \u00e0 accumulation CLIPPER &#8211; Jolly Mec"},"content":{"rendered":"","protected":false},"excerpt":{"rendered":"<p>Clipper+ est le nouveau po\u00eale \u00e0 bois rond qui offre une vue \u00e9l\u00e9gante sur la flamme. Le po\u00eale \u00e0 bois Clipper+ accumule la chaleur pour prolonger le confort de chauffage, m\u00eame apr\u00e8s l&rsquo;extinction du feu, gr\u00e2ce au kit d&rsquo;accumulation inclus. Le po\u00eale \u00e0 bois Clipper+ est un produit de derni\u00e8re g\u00e9n\u00e9ration, con\u00e7u pour r\u00e9pondre aux limites d&rsquo;efficacit\u00e9 et d&rsquo;\u00e9missions, prot\u00e9geant l&rsquo;environnement. Sa forme ronde et son design \u00e9pur\u00e9 valorisent et rendent la vision du feu encore plus agr\u00e9able. Clipper+ ajoute une touche de style \u00e0 votre int\u00e9rieur, cr\u00e9ant un espace chaleureux et confortable gr\u00e2ce au charme de la flamme \u00e0 bois.<\/p>\n<p>Pour s&rsquo;adapter aux diff\u00e9rentes solutions d&rsquo;habitation, il est possible d&rsquo;utiliser la sortie de fum\u00e9e la plus adapt\u00e9e ; arri\u00e8re ou sup\u00e9rieure. Convient aux maisons passives.<\/p>\n<p>La version CLIPPER sans accumulation est \u00e9galement disponible.<\/p>\n","protected":false},"featured_media":55862,"template":"","meta":{"_acf_changed":false},"product_brand":[4816],"product_cat":[4599],"product_tag":[],"class_list":{"0":"post-59104","1":"product","2":"type-product","3":"status-publish","4":"has-post-thumbnail","6":"product_brand-jolly-mec-fr","7":"product_cat-poeles-au-bois","8":"product_shipping_class-stufe-a-legna-2-2","9":"pa_modello-clipper-avec-accumulation","10":"pa_modello-clipper-sans-accumulation","11":"sales-flash-overlay","12":"woocommerce-text-align-center","13":"woocommerce-image-align-center","14":"do-quantity-buttons","16":"first","17":"instock","18":"taxable","19":"shipping-taxable","20":"product-type-simple"},"acf":[],"_links":{"self":[{"href":"https:\/\/www.fokussrl.com\/fr\/wp-json\/wp\/v2\/product\/59104","targetHints":{"allow":["GET"]}}],"collection":[{"href":"https:\/\/www.fokussrl.com\/fr\/wp-json\/wp\/v2\/product"}],"about":[{"href":"https:\/\/www.fokussrl.com\/fr\/wp-json\/wp\/v2\/types\/product"}],"wp:featuredmedia":[{"embeddable":true,"href":"https:\/\/www.fokussrl.com\/fr\/wp-json\/wp\/v2\/media\/55862"}],"wp:attachment":[{"href":"https:\/\/www.fokussrl.com\/fr\/wp-json\/wp\/v2\/media?parent=59104"}],"wp:term":[{"taxonomy":"product_brand","embeddable":true,"href":"https:\/\/www.fokussrl.com\/fr\/wp-json\/wp\/v2\/product_brand?post=59104"},{"taxonomy":"product_cat","embeddable":true,"href":"https:\/\/www.fokussrl.com\/fr\/wp-json\/wp\/v2\/product_cat?post=59104"},{"taxonomy":"product_tag","embeddable":true,"href":"https:\/\/www.fokussrl.com\/fr\/wp-json\/wp\/v2\/product_tag?post=59104"}],"curies":[{"name":"wp","href":"https:\/\/api.w.org\/{rel}","templated":true}]}}