{"id":59107,"date":"2025-02-01T17:01:53","date_gmt":"2025-02-01T16:01:53","guid":{"rendered":"http:\/\/fokussrl.com\/prodotto\/poele-bois-accumulation-v-100-s\/"},"modified":"2025-02-01T17:08:45","modified_gmt":"2025-02-01T16:08:45","slug":"poele-bois-accumulation-v-100-s","status":"publish","type":"product","link":"https:\/\/www.fokussrl.com\/fr\/produit\/poele-bois-accumulation-v-100-s\/","title":{"rendered":"Po\u00eale \u00e0 bois \u00e0 accumulation V 100 S &#8211; La Valmarecchia"},"content":{"rendered":"","protected":false},"excerpt":{"rendered":"<p>LA VALMARECCHIA est un po\u00eale \u00e0 accumulation de chaleur : son fonctionnement garantit que la chaleur produite \u00e0 l&rsquo;int\u00e9rieur du po\u00eale, atteignant des temp\u00e9ratures \u00e9lev\u00e9es, chauffe les parois construites avec un mat\u00e9riau \u00e0 haute capacit\u00e9 d&rsquo;accumulation. Ce mat\u00e9riau absorbe la chaleur et la diffuse ensuite dans la pi\u00e8ce pendant 12 heures.<\/p>\n<p>Ce syst\u00e8me permet d&rsquo;\u00e9conomiser sur la consommation quotidienne de combustible et de s&rsquo;absenter de la maison pendant de nombreuses heures, car gr\u00e2ce \u00e0 l&rsquo;accumulation, le po\u00eale continue de chauffer m\u00eame lorsqu&rsquo;il est \u00e9teint. De plus, il ne n\u00e9cessite pas une attention constante, offrant ainsi une commodit\u00e9 in\u00e9gal\u00e9e.<\/p>\n<p>La capacit\u00e9 d&rsquo;accumuler de la chaleur et de la lib\u00e9rer lentement dans l&rsquo;environnement permet de recharger le po\u00eale seulement deux fois en 24 heures pour maintenir une temp\u00e9rature confortable.<\/p>\n<p>LA VALMARECCHIA a une esth\u00e9tique vraiment agr\u00e9able qui conf\u00e8re au produit \u00e9l\u00e9gance et raffinement. Adaptable \u00e0 tout type d&rsquo;int\u00e9rieur, elle s&rsquo;harmonise avec diff\u00e9rentes combinaisons de style et de design, faisant de chaque po\u00eale un v\u00e9ritable \u00e9l\u00e9ment de d\u00e9coration pour la maison.<\/p>\n<p>La caract\u00e9ristique la plus remarquable de LA VALMARECCHIA est sa faible consommation de combustible, associ\u00e9e \u00e0 la sensation agr\u00e9able d&rsquo;\u00eatre entour\u00e9 par une chaleur saine avec un taux d&rsquo;humidit\u00e9 \u00e9quilibr\u00e9.<\/p>\n<p>La nouveaut\u00e9 de la porte en verre, gr\u00e2ce \u00e0 son design moderne et \u00e9l\u00e9gant, son rev\u00eatement en pierre naturelle ou en c\u00e9ramique faite \u00e0 la main par des artisans experts, et sa structure en acier peint, en fait un produit complet.<\/p>\n<p><strong>Combustible : Bois ou pellets<\/strong><\/p>\n<p>Elle peut \u00eatre utilis\u00e9e avec du bois ou des pellets sans modification de la chambre de combustion.<\/p>\n<p><strong>Accumulation de chaleur<\/strong><\/p>\n<p>La chaleur produite n&rsquo;est pas lib\u00e9r\u00e9e directement dans l&rsquo;environnement mais est absorb\u00e9e par le mat\u00e9riau \u00e0 l&rsquo;int\u00e9rieur du po\u00eale, puis progressivement diffus\u00e9e dans la pi\u00e8ce gr\u00e2ce \u00e0 des rayons infrarouges.<\/p>\n<p><strong>Propre<\/strong><\/p>\n<p>Avec ces po\u00eales, il n&rsquo;est jamais n\u00e9cessaire d&rsquo;ouvrir la porte sauf pour recharger lorsque la chambre de combustion est \u00e9teinte. Cela emp\u00eache la fum\u00e9e de s&rsquo;\u00e9chapper \u00e0 l&rsquo;ext\u00e9rieur, \u00e9vitant ainsi les odeurs d\u00e9sagr\u00e9ables et la salissure des murs de votre maison.<\/p>\n<p><strong>Engagement minimal : 24 heures avec seulement 2 recharges<\/strong><\/p>\n<p>Recharger le po\u00eale toutes les 12 heures prend tr\u00e8s peu de temps, au point que vous oublierez presque qu&rsquo;il est l\u00e0. Une recharge le matin et une le soir suffisent pour profiter d&rsquo;une chaleur saine et confortable que seul ce type de po\u00eale peut offrir.<\/p>\n<p><strong>Sans \u00e9lectricit\u00e9, entretien minimal<\/strong><\/p>\n<p>Le po\u00eale \u00e0 accumulation ne n\u00e9cessite ni \u00e9lectricit\u00e9 ni aucune autre source d&rsquo;\u00e9nergie, seulement du bois ou des pellets. Ce produit reste toujours efficace, ne vous abandonnant jamais en cas de besoin. L&rsquo;entretien est effectu\u00e9 comme pr\u00e9vu tous les deux ans et prend environ une demi-heure, simple et pratique.<\/p>\n<p><strong>Indestructible<\/strong><\/p>\n<p>Une garantie de 5 ans est le synonyme de la qualit\u00e9 du produit. Toutes les parties en contact direct avec le feu sont en acier inoxydable de 4 mm d&rsquo;\u00e9paisseur, et des mat\u00e9riaux de haute qualit\u00e9 pour l&rsquo;accumulation de chaleur sont utilis\u00e9s. De plus, il est con\u00e7u pour r\u00e9sister \u00e0 tout choc thermique, probablement le seul po\u00eale \u00e0 accumulation qui ne n\u00e9cessite aucune pr\u00e9caution lors de l&rsquo;allumage \u00e0 froid.<\/p>\n<p><strong>Certifi\u00e9 \u2606\u2606\u2606\u2606\u2606<\/strong><\/p>\n<p>Laser Team (fabricant des po\u00eales La Valmarecchia) op\u00e8re conform\u00e9ment aux r\u00e9glementations europ\u00e9ennes en vigueur dans le secteur. Les po\u00eales LA VALMARECCHIA sont certifi\u00e9s UNI EN 15250:2007.<\/p>\n","protected":false},"featured_media":55889,"template":"","meta":{"_acf_changed":false},"product_brand":[4825],"product_cat":[4599,4602],"product_tag":[],"class_list":{"0":"post-59107","1":"product","2":"type-product","3":"status-publish","4":"has-post-thumbnail","6":"product_brand-la-valmarecchia-fr","7":"product_cat-poeles-au-bois","8":"product_cat-poeles-combines-bois-granules","9":"product_shipping_class-stufe-legna-pellet-2-2","10":"pa_colore-acier-et-majolique-dec","11":"pa_colore-majolique","12":"pa_colore-pierre-ollaire-raffinee","13":"sales-flash-overlay","14":"woocommerce-text-align-center","15":"woocommerce-image-align-center","16":"do-quantity-buttons","18":"first","19":"instock","20":"taxable","21":"shipping-taxable","22":"product-type-variable"},"acf":[],"_links":{"self":[{"href":"https:\/\/www.fokussrl.com\/fr\/wp-json\/wp\/v2\/product\/59107","targetHints":{"allow":["GET"]}}],"collection":[{"href":"https:\/\/www.fokussrl.com\/fr\/wp-json\/wp\/v2\/product"}],"about":[{"href":"https:\/\/www.fokussrl.com\/fr\/wp-json\/wp\/v2\/types\/product"}],"wp:featuredmedia":[{"embeddable":true,"href":"https:\/\/www.fokussrl.com\/fr\/wp-json\/wp\/v2\/media\/55889"}],"wp:attachment":[{"href":"https:\/\/www.fokussrl.com\/fr\/wp-json\/wp\/v2\/media?parent=59107"}],"wp:term":[{"taxonomy":"product_brand","embeddable":true,"href":"https:\/\/www.fokussrl.com\/fr\/wp-json\/wp\/v2\/product_brand?post=59107"},{"taxonomy":"product_cat","embeddable":true,"href":"https:\/\/www.fokussrl.com\/fr\/wp-json\/wp\/v2\/product_cat?post=59107"},{"taxonomy":"product_tag","embeddable":true,"href":"https:\/\/www.fokussrl.com\/fr\/wp-json\/wp\/v2\/product_tag?post=59107"}],"curies":[{"name":"wp","href":"https:\/\/api.w.org\/{rel}","templated":true}]}}