{"id":59115,"date":"2025-02-01T17:01:59","date_gmt":"2025-02-01T16:01:59","guid":{"rendered":"http:\/\/fokussrl.com\/prodotto\/poele-bois-double-face-m-172-lk-m-122-lk\/"},"modified":"2025-02-01T17:08:47","modified_gmt":"2025-02-01T16:08:47","slug":"poele-bois-double-face-m-172-lk-m-122-lk","status":"publish","type":"product","link":"https:\/\/www.fokussrl.com\/fr\/produit\/poele-bois-double-face-m-172-lk-m-122-lk\/","title":{"rendered":"Po\u00eale \u00e0 bois double face M-172 LK M-122 LK &#8211; FM Calefacci\u00f3n"},"content":{"rendered":"","protected":false},"excerpt":{"rendered":"<p>Po\u00eale \u00e0 bois double face avec rangement pour le bois et turbines int\u00e9gr\u00e9es. Fabriqu\u00e9 en acier jusqu&rsquo;\u00e0 4 mm d&rsquo;\u00e9paisseur, il est dot\u00e9 d&rsquo;un syst\u00e8me de double combustion pour maximiser l&rsquo;efficacit\u00e9. Le po\u00eale comprend une sortie de fum\u00e9e m\u00e2le en fonte et du verre s\u00e9rigraphi\u00e9 r\u00e9sistant jusqu&rsquo;\u00e0 750\u00b0C. Il dispose de deux portes et d&rsquo;une grille en fonte, tandis que les ventilateurs axiaux offrent une capacit\u00e9 de 160 m3\/h \u00e0 20 W de puissance. Un interrupteur \u00e0 trois positions permet de s\u00e9lectionner diff\u00e9rents modes, y compris une position de s\u00e9curit\u00e9. Le po\u00eale est \u00e9quip\u00e9 d&rsquo;une double chambre, avec un int\u00e9rieur doubl\u00e9 de vermiculite pour une meilleure r\u00e9sistance \u00e0 la chaleur. Les accessoires incluent une peinture anti-rayures r\u00e9sistante jusqu&rsquo;\u00e0 800\u00b0C, un manchon anti-condensation vitrifi\u00e9 noir, et un potentiom\u00e8tre analogique.<\/p>\n","protected":false},"featured_media":55941,"template":"","meta":{"_acf_changed":false},"product_brand":[4809],"product_cat":[4599],"product_tag":[],"class_list":{"0":"post-59115","1":"product","2":"type-product","3":"status-publish","4":"has-post-thumbnail","6":"product_brand-fm-calefaccion-fr","7":"product_cat-poeles-au-bois","8":"product_shipping_class-stufe-a-legna-2-2","9":"pa_modello-m-122-lk-fr","10":"pa_modello-m-172-lk-fr","11":"sales-flash-overlay","12":"woocommerce-text-align-center","13":"woocommerce-image-align-center","14":"do-quantity-buttons","16":"first","17":"instock","18":"taxable","19":"shipping-taxable","20":"purchasable","21":"product-type-variable"},"acf":[],"_links":{"self":[{"href":"https:\/\/www.fokussrl.com\/fr\/wp-json\/wp\/v2\/product\/59115","targetHints":{"allow":["GET"]}}],"collection":[{"href":"https:\/\/www.fokussrl.com\/fr\/wp-json\/wp\/v2\/product"}],"about":[{"href":"https:\/\/www.fokussrl.com\/fr\/wp-json\/wp\/v2\/types\/product"}],"wp:featuredmedia":[{"embeddable":true,"href":"https:\/\/www.fokussrl.com\/fr\/wp-json\/wp\/v2\/media\/55941"}],"wp:attachment":[{"href":"https:\/\/www.fokussrl.com\/fr\/wp-json\/wp\/v2\/media?parent=59115"}],"wp:term":[{"taxonomy":"product_brand","embeddable":true,"href":"https:\/\/www.fokussrl.com\/fr\/wp-json\/wp\/v2\/product_brand?post=59115"},{"taxonomy":"product_cat","embeddable":true,"href":"https:\/\/www.fokussrl.com\/fr\/wp-json\/wp\/v2\/product_cat?post=59115"},{"taxonomy":"product_tag","embeddable":true,"href":"https:\/\/www.fokussrl.com\/fr\/wp-json\/wp\/v2\/product_tag?post=59115"}],"curies":[{"name":"wp","href":"https:\/\/api.w.org\/{rel}","templated":true}]}}