{"id":59121,"date":"2025-02-01T17:01:59","date_gmt":"2025-02-01T16:01:59","guid":{"rendered":"http:\/\/fokussrl.com\/prodotto\/poele-bois-avec-four-bake\/"},"modified":"2025-02-01T17:08:48","modified_gmt":"2025-02-01T16:08:48","slug":"poele-bois-avec-four-bake","status":"publish","type":"product","link":"https:\/\/www.fokussrl.com\/fr\/produit\/poele-bois-avec-four-bake\/","title":{"rendered":"Po\u00eale \u00e0 bois avec four BAKE &#8211; Bellido"},"content":{"rendered":"","protected":false},"excerpt":{"rendered":"<p>Po\u00eale \u00e0 bois en acier peint anthracite r\u00e9sistant \u00e0 650\u00b0C avec un four ferm\u00e9 \u00e9quip\u00e9 d&rsquo;un thermom\u00e8tre.<\/p>\n<p>Porte avec verre c\u00e9ramique r\u00e9sistant \u00e0 750\u00b0C.<\/p>\n<p>Int\u00e9rieur rev\u00eatu de c\u00e9ramique noire BLACKERAM.<\/p>\n<p>Syst\u00e8me de ventilation forc\u00e9e en option avec turbine tangencielle \u00e0 double corps offrant 220 m3\/h et 2 vitesses avec un thermostat de s\u00e9curit\u00e9.<\/p>\n<p>Entr\u00e9e d&rsquo;air arri\u00e8re.<\/p>\n","protected":false},"featured_media":55975,"template":"","meta":{"_acf_changed":false},"product_brand":[4796],"product_cat":[4601],"product_tag":[],"class_list":{"0":"post-59121","1":"product","2":"type-product","3":"status-publish","4":"has-post-thumbnail","6":"product_brand-bellido-fr","7":"product_cat-poeles-au-bois-avec-four","8":"product_shipping_class-stufe-a-legna-con-forno-2-2","9":"pa_versione-convection-naturelle","10":"pa_versione-ventilation-forcee","11":"sales-flash-overlay","12":"woocommerce-text-align-center","13":"woocommerce-image-align-center","14":"do-quantity-buttons","16":"first","17":"instock","18":"taxable","19":"shipping-taxable","20":"purchasable","21":"product-type-variable"},"acf":[],"_links":{"self":[{"href":"https:\/\/www.fokussrl.com\/fr\/wp-json\/wp\/v2\/product\/59121","targetHints":{"allow":["GET"]}}],"collection":[{"href":"https:\/\/www.fokussrl.com\/fr\/wp-json\/wp\/v2\/product"}],"about":[{"href":"https:\/\/www.fokussrl.com\/fr\/wp-json\/wp\/v2\/types\/product"}],"wp:featuredmedia":[{"embeddable":true,"href":"https:\/\/www.fokussrl.com\/fr\/wp-json\/wp\/v2\/media\/55975"}],"wp:attachment":[{"href":"https:\/\/www.fokussrl.com\/fr\/wp-json\/wp\/v2\/media?parent=59121"}],"wp:term":[{"taxonomy":"product_brand","embeddable":true,"href":"https:\/\/www.fokussrl.com\/fr\/wp-json\/wp\/v2\/product_brand?post=59121"},{"taxonomy":"product_cat","embeddable":true,"href":"https:\/\/www.fokussrl.com\/fr\/wp-json\/wp\/v2\/product_cat?post=59121"},{"taxonomy":"product_tag","embeddable":true,"href":"https:\/\/www.fokussrl.com\/fr\/wp-json\/wp\/v2\/product_tag?post=59121"}],"curies":[{"name":"wp","href":"https:\/\/api.w.org\/{rel}","templated":true}]}}