{"id":59124,"date":"2025-02-01T17:01:59","date_gmt":"2025-02-01T16:01:59","guid":{"rendered":"http:\/\/fokussrl.com\/prodotto\/poele-bois-design-matrix\/"},"modified":"2025-02-01T17:08:52","modified_gmt":"2025-02-01T16:08:52","slug":"poele-bois-design-matrix","status":"publish","type":"product","link":"https:\/\/www.fokussrl.com\/fr\/produit\/poele-bois-design-matrix\/","title":{"rendered":"Po\u00eale \u00e0 bois design MATRIX &#8211; Concept Feuer"},"content":{"rendered":"","protected":false},"excerpt":{"rendered":"<p>Po\u00eale design qui incarne la concentration sur l&rsquo;essentiel : le feu.<\/p>\n<p>Gr\u00e2ce au conduit d&rsquo;air comburant sp\u00e9cial, nous avons r\u00e9ussi \u00e0 cr\u00e9er un jeu de flammes de 1 m de haut qui fascine chaque observateur. Le design minimaliste et \u00e9pur\u00e9 de cet objet est intemporel et deviendra un point fort du design de votre salon. Une combustion hautement efficace est garantie par une alimentation en air comburant parfaitement coordonn\u00e9e et une g\u00e9om\u00e9trie optimale de la chambre de combustion.<\/p>\n<ul>\n<li>Tr\u00e8s faible consommation de bois avec une excellente dissipation de la chaleur<\/li>\n<li>\u00c9missions ultra faibles et vitres propres.<\/li>\n<\/ul>\n<p>Avec un seul contr\u00f4leur, vous pouvez ajuster en continu la vitesse de combustion, l&rsquo;adaptant pr\u00e9cis\u00e9ment \u00e0 vos besoins. Un institut de test reconnu certifie la combustion exceptionnelle de Matrix avec des valeurs de particules aussi basses que 25 mg\/m.<\/p>\n<p>En option, l&rsquo;appareil peut \u00eatre \u00e9quip\u00e9 d&rsquo;un accumulateur de chaleur suppl\u00e9mentaire en st\u00e9atite. Ce r\u00e9servoir de stockage de 60 kg est interne et donc non visible. En cons\u00e9quence, il offre une dissipation de chaleur plus uniforme et durable.<\/p>\n","protected":false},"featured_media":55990,"template":"","meta":{"_acf_changed":false},"product_brand":[4804],"product_cat":[4599],"product_tag":[],"class_list":{"0":"post-59124","1":"product","2":"type-product","3":"status-publish","4":"has-post-thumbnail","6":"product_brand-concept-feuer-fr","7":"product_cat-poeles-au-bois","8":"product_shipping_class-stufe-a-legna-2-2","9":"pa_colore-acier-brut","10":"pa_colore-blanc","11":"pa_colore-noir","12":"pa_versione-avec-accumulation","13":"pa_versione-sans-accumulation","14":"sales-flash-overlay","15":"woocommerce-text-align-center","16":"woocommerce-image-align-center","17":"do-quantity-buttons","19":"first","20":"instock","21":"taxable","22":"shipping-taxable","23":"product-type-variable"},"acf":[],"_links":{"self":[{"href":"https:\/\/www.fokussrl.com\/fr\/wp-json\/wp\/v2\/product\/59124","targetHints":{"allow":["GET"]}}],"collection":[{"href":"https:\/\/www.fokussrl.com\/fr\/wp-json\/wp\/v2\/product"}],"about":[{"href":"https:\/\/www.fokussrl.com\/fr\/wp-json\/wp\/v2\/types\/product"}],"wp:featuredmedia":[{"embeddable":true,"href":"https:\/\/www.fokussrl.com\/fr\/wp-json\/wp\/v2\/media\/55990"}],"wp:attachment":[{"href":"https:\/\/www.fokussrl.com\/fr\/wp-json\/wp\/v2\/media?parent=59124"}],"wp:term":[{"taxonomy":"product_brand","embeddable":true,"href":"https:\/\/www.fokussrl.com\/fr\/wp-json\/wp\/v2\/product_brand?post=59124"},{"taxonomy":"product_cat","embeddable":true,"href":"https:\/\/www.fokussrl.com\/fr\/wp-json\/wp\/v2\/product_cat?post=59124"},{"taxonomy":"product_tag","embeddable":true,"href":"https:\/\/www.fokussrl.com\/fr\/wp-json\/wp\/v2\/product_tag?post=59124"}],"curies":[{"name":"wp","href":"https:\/\/api.w.org\/{rel}","templated":true}]}}