{"id":59148,"date":"2025-02-01T17:02:10","date_gmt":"2025-02-01T16:02:10","guid":{"rendered":"http:\/\/fokussrl.com\/prodotto\/poele-bois-fonte-tai-55-md-13-kw\/"},"modified":"2025-02-01T17:08:57","modified_gmt":"2025-02-01T16:08:57","slug":"poele-bois-fonte-tai-55-md-13-kw","status":"publish","type":"product","link":"https:\/\/www.fokussrl.com\/fr\/produit\/poele-bois-fonte-tai-55-md-13-kw\/","title":{"rendered":"Po\u00eale \u00e0 bois en fonte TAI 55 MD 13 kW &#8211; Dovre"},"content":{"rendered":"","protected":false},"excerpt":{"rendered":"<p>Les po\u00eales TAI sont synonymes de simplicit\u00e9 et de fiabilit\u00e9, gr\u00e2ce \u00e0 leur aust\u00e9rit\u00e9, tant dans le design que dans les caract\u00e9ristiques. Si vous optez pour une haute efficacit\u00e9 et de la chaleur \u00e0 un prix abordable, vous trouverez s\u00fbrement ce dont vous avez besoin dans la famille Tai. Le mod\u00e8le multi-combustible Tai, avec tr\u00e9mie \u00e0 charbon, peut garantir jusqu&rsquo;\u00e0 36 heures d&rsquo;autonomie.<\/p>\n","protected":false},"featured_media":56122,"template":"","meta":{"_acf_changed":false},"product_brand":[4805],"product_cat":[4599],"product_tag":[],"class_list":{"0":"post-59148","1":"product","2":"type-product","3":"status-publish","4":"has-post-thumbnail","6":"product_brand-dovre-fr","7":"product_cat-poeles-au-bois","8":"product_shipping_class-stufe-a-legna-2-2","9":"pa_versione-avec-couvercle-et-plaque-de-cuisson","10":"pa_versione-chauffage-seul","11":"sales-flash-overlay","12":"woocommerce-text-align-center","13":"woocommerce-image-align-center","14":"do-quantity-buttons","16":"first","17":"instock","18":"taxable","19":"shipping-taxable","20":"product-type-variable"},"acf":[],"_links":{"self":[{"href":"https:\/\/www.fokussrl.com\/fr\/wp-json\/wp\/v2\/product\/59148","targetHints":{"allow":["GET"]}}],"collection":[{"href":"https:\/\/www.fokussrl.com\/fr\/wp-json\/wp\/v2\/product"}],"about":[{"href":"https:\/\/www.fokussrl.com\/fr\/wp-json\/wp\/v2\/types\/product"}],"wp:featuredmedia":[{"embeddable":true,"href":"https:\/\/www.fokussrl.com\/fr\/wp-json\/wp\/v2\/media\/56122"}],"wp:attachment":[{"href":"https:\/\/www.fokussrl.com\/fr\/wp-json\/wp\/v2\/media?parent=59148"}],"wp:term":[{"taxonomy":"product_brand","embeddable":true,"href":"https:\/\/www.fokussrl.com\/fr\/wp-json\/wp\/v2\/product_brand?post=59148"},{"taxonomy":"product_cat","embeddable":true,"href":"https:\/\/www.fokussrl.com\/fr\/wp-json\/wp\/v2\/product_cat?post=59148"},{"taxonomy":"product_tag","embeddable":true,"href":"https:\/\/www.fokussrl.com\/fr\/wp-json\/wp\/v2\/product_tag?post=59148"}],"curies":[{"name":"wp","href":"https:\/\/api.w.org\/{rel}","templated":true}]}}