{"id":59158,"date":"2025-02-01T17:02:10","date_gmt":"2025-02-01T16:02:10","guid":{"rendered":"http:\/\/fokussrl.com\/prodotto\/poele-bois-rock\/"},"modified":"2025-02-01T17:09:00","modified_gmt":"2025-02-01T16:09:00","slug":"poele-bois-rock","status":"publish","type":"product","link":"https:\/\/www.fokussrl.com\/fr\/produit\/poele-bois-rock\/","title":{"rendered":"Po\u00eale \u00e0 bois ROCK &#8211; Dovre"},"content":{"rendered":"","protected":false},"excerpt":{"rendered":"<p>Le mod\u00e8le Rock est un po\u00eale \u00e0 bois robuste et au design moderne avec des bords arrondis. Il est facile \u00e0 utiliser gr\u00e2ce \u00e0 son unique commande d&rsquo;air. Le m\u00e9canisme &lsquo;slam-lock&rsquo; permet de claquer la porte pour la fermer. Le Rock peut \u00eatre directement raccord\u00e9 \u00e0 l&rsquo;air ext\u00e9rieur.<\/p>\n","protected":false},"featured_media":56196,"template":"","meta":{"_acf_changed":false},"product_brand":[4805],"product_cat":[4599],"product_tag":[],"class_list":{"0":"post-59158","1":"product","2":"type-product","3":"status-publish","4":"has-post-thumbnail","6":"product_brand-dovre-fr","7":"product_cat-poeles-au-bois","8":"product_shipping_class-stufe-a-legna-2-2","9":"pa_modello-rock-350-tb-fr","10":"pa_modello-rock-350-wb-fr","11":"pa_modello-rock-500-tb-fr","12":"pa_modello-rock-500-wb-fr","13":"sales-flash-overlay","14":"woocommerce-text-align-center","15":"woocommerce-image-align-center","16":"do-quantity-buttons","18":"first","19":"instock","20":"taxable","21":"shipping-taxable","22":"purchasable","23":"product-type-variable"},"acf":[],"_links":{"self":[{"href":"https:\/\/www.fokussrl.com\/fr\/wp-json\/wp\/v2\/product\/59158","targetHints":{"allow":["GET"]}}],"collection":[{"href":"https:\/\/www.fokussrl.com\/fr\/wp-json\/wp\/v2\/product"}],"about":[{"href":"https:\/\/www.fokussrl.com\/fr\/wp-json\/wp\/v2\/types\/product"}],"wp:featuredmedia":[{"embeddable":true,"href":"https:\/\/www.fokussrl.com\/fr\/wp-json\/wp\/v2\/media\/56196"}],"wp:attachment":[{"href":"https:\/\/www.fokussrl.com\/fr\/wp-json\/wp\/v2\/media?parent=59158"}],"wp:term":[{"taxonomy":"product_brand","embeddable":true,"href":"https:\/\/www.fokussrl.com\/fr\/wp-json\/wp\/v2\/product_brand?post=59158"},{"taxonomy":"product_cat","embeddable":true,"href":"https:\/\/www.fokussrl.com\/fr\/wp-json\/wp\/v2\/product_cat?post=59158"},{"taxonomy":"product_tag","embeddable":true,"href":"https:\/\/www.fokussrl.com\/fr\/wp-json\/wp\/v2\/product_tag?post=59158"}],"curies":[{"name":"wp","href":"https:\/\/api.w.org\/{rel}","templated":true}]}}