{"id":59163,"date":"2025-02-01T17:02:10","date_gmt":"2025-02-01T16:02:10","guid":{"rendered":"http:\/\/fokussrl.com\/prodotto\/poele-granules-hermetique-98-redonda\/"},"modified":"2025-02-01T17:09:02","modified_gmt":"2025-02-01T16:09:02","slug":"poele-granules-hermetique-98-redonda","status":"publish","type":"product","link":"https:\/\/www.fokussrl.com\/fr\/produit\/poele-granules-hermetique-98-redonda\/","title":{"rendered":"Po\u00eale \u00e0 granul\u00e9s herm\u00e9tique 98 REDONDA &#8211; Kalor"},"content":{"rendered":"","protected":false},"excerpt":{"rendered":"<p>La nouvelle ligne <strong>98 Redonda<\/strong> combine l&rsquo;innovation de la 98 Cast Iron et l&rsquo;exp\u00e9rience de la 98 Sfera, compl\u00e9t\u00e9e par un design moderne et captivant : chambre de combustion en Alutec, corps en acier et verre frontal s\u00e9rigraphi\u00e9. Comme pour toute la gamme Ermetica <strong>Kalor<\/strong>, la 98 Sfera est \u00e9galement \u00e9quip\u00e9e d&rsquo;un moteur continu qui garantit efficacit\u00e9 et silence.<\/p>\n","protected":false},"featured_media":56225,"template":"","meta":{"_acf_changed":false},"product_brand":[4818],"product_cat":[4605],"product_tag":[],"class_list":{"0":"post-59163","1":"product","2":"type-product","3":"status-publish","4":"has-post-thumbnail","6":"product_brand-kalor-fr","7":"product_cat-poeles-a-granules-hermetiques","8":"product_shipping_class-stufe-a-pellet-ermetiche-2","9":"pa_colore-blanc","10":"pa_colore-bordeaux-fr","11":"pa_colore-noir","12":"pa_potenza-6-kw-fr","13":"pa_potenza-8-kw-fr","14":"sales-flash-overlay","15":"woocommerce-text-align-center","16":"woocommerce-image-align-center","17":"do-quantity-buttons","19":"first","20":"instock","21":"taxable","22":"shipping-taxable","23":"product-type-variable"},"acf":[],"_links":{"self":[{"href":"https:\/\/www.fokussrl.com\/fr\/wp-json\/wp\/v2\/product\/59163","targetHints":{"allow":["GET"]}}],"collection":[{"href":"https:\/\/www.fokussrl.com\/fr\/wp-json\/wp\/v2\/product"}],"about":[{"href":"https:\/\/www.fokussrl.com\/fr\/wp-json\/wp\/v2\/types\/product"}],"wp:featuredmedia":[{"embeddable":true,"href":"https:\/\/www.fokussrl.com\/fr\/wp-json\/wp\/v2\/media\/56225"}],"wp:attachment":[{"href":"https:\/\/www.fokussrl.com\/fr\/wp-json\/wp\/v2\/media?parent=59163"}],"wp:term":[{"taxonomy":"product_brand","embeddable":true,"href":"https:\/\/www.fokussrl.com\/fr\/wp-json\/wp\/v2\/product_brand?post=59163"},{"taxonomy":"product_cat","embeddable":true,"href":"https:\/\/www.fokussrl.com\/fr\/wp-json\/wp\/v2\/product_cat?post=59163"},{"taxonomy":"product_tag","embeddable":true,"href":"https:\/\/www.fokussrl.com\/fr\/wp-json\/wp\/v2\/product_tag?post=59163"}],"curies":[{"name":"wp","href":"https:\/\/api.w.org\/{rel}","templated":true}]}}