{"id":59177,"date":"2025-02-01T17:02:15","date_gmt":"2025-02-01T16:02:15","guid":{"rendered":"http:\/\/fokussrl.com\/prodotto\/poele-granules-ventilee-canalisee-adry-11-kw\/"},"modified":"2025-02-01T17:09:06","modified_gmt":"2025-02-01T16:09:06","slug":"poele-granules-ventilee-canalisee-adry-11-kw","status":"publish","type":"product","link":"https:\/\/www.fokussrl.com\/fr\/produit\/poele-granules-ventilee-canalisee-adry-11-kw\/","title":{"rendered":"Po\u00eale \u00e0 granul\u00e9s ventil\u00e9e et canalis\u00e9e ADRY 11 kW &#8211; Bronpi"},"content":{"rendered":"","protected":false},"excerpt":{"rendered":"<p>Po\u00eale \u00e0 granul\u00e9s ventil\u00e9 complet avec un kit de canalisations \u00e0 deux sorties pour acheminer l&rsquo;air chaud vers d&rsquo;autres pi\u00e8ces jusqu&rsquo;\u00e0 9 m\u00e8tres de la source.<\/p>\n","protected":false},"featured_media":56255,"template":"","meta":{"_acf_changed":false},"product_brand":[4798],"product_cat":[4604],"product_tag":[],"class_list":{"0":"post-59177","1":"product","2":"type-product","3":"status-publish","4":"has-post-thumbnail","6":"product_brand-bronpi-fr","7":"product_cat-poeles-a-granules-ventiles","8":"product_shipping_class-stufe-a-pellet-canalizzate-2-2","9":"pa_colore-ivoire","10":"pa_colore-noir","11":"pa_colore-pierre","12":"pa_versione-canalisation-droite","13":"pa_versione-canalisation-gauche","14":"sales-flash-overlay","15":"woocommerce-text-align-center","16":"woocommerce-image-align-center","17":"do-quantity-buttons","19":"first","20":"instock","21":"taxable","22":"shipping-taxable","23":"purchasable","24":"product-type-variable"},"acf":[],"_links":{"self":[{"href":"https:\/\/www.fokussrl.com\/fr\/wp-json\/wp\/v2\/product\/59177","targetHints":{"allow":["GET"]}}],"collection":[{"href":"https:\/\/www.fokussrl.com\/fr\/wp-json\/wp\/v2\/product"}],"about":[{"href":"https:\/\/www.fokussrl.com\/fr\/wp-json\/wp\/v2\/types\/product"}],"wp:featuredmedia":[{"embeddable":true,"href":"https:\/\/www.fokussrl.com\/fr\/wp-json\/wp\/v2\/media\/56255"}],"wp:attachment":[{"href":"https:\/\/www.fokussrl.com\/fr\/wp-json\/wp\/v2\/media?parent=59177"}],"wp:term":[{"taxonomy":"product_brand","embeddable":true,"href":"https:\/\/www.fokussrl.com\/fr\/wp-json\/wp\/v2\/product_brand?post=59177"},{"taxonomy":"product_cat","embeddable":true,"href":"https:\/\/www.fokussrl.com\/fr\/wp-json\/wp\/v2\/product_cat?post=59177"},{"taxonomy":"product_tag","embeddable":true,"href":"https:\/\/www.fokussrl.com\/fr\/wp-json\/wp\/v2\/product_tag?post=59177"}],"curies":[{"name":"wp","href":"https:\/\/api.w.org\/{rel}","templated":true}]}}