{"id":59184,"date":"2025-02-01T17:02:15","date_gmt":"2025-02-01T16:02:15","guid":{"rendered":"http:\/\/fokussrl.com\/prodotto\/poele-granules-canalisee-mirka-plus\/"},"modified":"2025-02-01T17:09:07","modified_gmt":"2025-02-01T16:09:07","slug":"poele-granules-canalisee-mirka-plus","status":"publish","type":"product","link":"https:\/\/www.fokussrl.com\/fr\/produit\/poele-granules-canalisee-mirka-plus\/","title":{"rendered":"Po\u00eale \u00e0 granul\u00e9s canalis\u00e9e MIRKA PLUS &#8211; La Nordica &#8211; Extraflame"},"content":{"rendered":"","protected":false},"excerpt":{"rendered":"<p>Le po\u00eale \u00e0 granul\u00e9s Mirka Plus de Nordica Extraflame : un m\u00e9lange parfait d&rsquo;\u00e9l\u00e9gance et de technologie. \u00c9quip\u00e9 d&rsquo;un r\u00e9servoir \u00e9tanche pour la s\u00e9curit\u00e9 et la durabilit\u00e9, d&rsquo;un brasier &lsquo;5 \u00e9toiles&rsquo; pour une combustion efficace et d&rsquo;un allumeur en c\u00e9ramique pour un allumage rapide. Gr\u00e2ce au syst\u00e8me de canalisations PRO AIR SET UP, il distribue la chaleur uniform\u00e9ment jusqu&rsquo;\u00e0 8 m\u00e8tres, r\u00e9glable et d\u00e9sactivable. Sa structure en fonte, en plus de conf\u00e9rer de la solidit\u00e9, s&rsquo;int\u00e8gre parfaitement dans votre d\u00e9coration. Et avec l&rsquo;int\u00e9gration domotique via &lsquo;Alexa&rsquo; d&rsquo;Amazon, son contr\u00f4le est un jeu d&rsquo;enfant.<\/p>\n","protected":false},"featured_media":56278,"template":"","meta":{"_acf_changed":false},"product_brand":[],"product_cat":[4610],"product_tag":[],"class_list":{"0":"post-59184","1":"product","2":"type-product","3":"status-publish","4":"has-post-thumbnail","6":"product_cat-cheminees-hydro-a-granules","7":"sales-flash-overlay","8":"woocommerce-text-align-center","9":"woocommerce-image-align-center","10":"do-quantity-buttons","12":"first","13":"instock","14":"taxable","15":"shipping-taxable","16":"purchasable","17":"product-type-variable"},"acf":[],"_links":{"self":[{"href":"https:\/\/www.fokussrl.com\/fr\/wp-json\/wp\/v2\/product\/59184","targetHints":{"allow":["GET"]}}],"collection":[{"href":"https:\/\/www.fokussrl.com\/fr\/wp-json\/wp\/v2\/product"}],"about":[{"href":"https:\/\/www.fokussrl.com\/fr\/wp-json\/wp\/v2\/types\/product"}],"wp:featuredmedia":[{"embeddable":true,"href":"https:\/\/www.fokussrl.com\/fr\/wp-json\/wp\/v2\/media\/56278"}],"wp:attachment":[{"href":"https:\/\/www.fokussrl.com\/fr\/wp-json\/wp\/v2\/media?parent=59184"}],"wp:term":[{"taxonomy":"product_brand","embeddable":true,"href":"https:\/\/www.fokussrl.com\/fr\/wp-json\/wp\/v2\/product_brand?post=59184"},{"taxonomy":"product_cat","embeddable":true,"href":"https:\/\/www.fokussrl.com\/fr\/wp-json\/wp\/v2\/product_cat?post=59184"},{"taxonomy":"product_tag","embeddable":true,"href":"https:\/\/www.fokussrl.com\/fr\/wp-json\/wp\/v2\/product_tag?post=59184"}],"curies":[{"name":"wp","href":"https:\/\/api.w.org\/{rel}","templated":true}]}}