{"id":59202,"date":"2025-02-01T17:02:20","date_gmt":"2025-02-01T16:02:20","guid":{"rendered":"http:\/\/fokussrl.com\/prodotto\/poele-granules-exterieur-hot-spot-16\/"},"modified":"2025-02-01T17:09:11","modified_gmt":"2025-02-01T16:09:11","slug":"poele-granules-exterieur-hot-spot-16","status":"publish","type":"product","link":"https:\/\/www.fokussrl.com\/fr\/produit\/poele-granules-exterieur-hot-spot-16\/","title":{"rendered":"Po\u00eale \u00e0 granul\u00e9s d&rsquo;ext\u00e9rieur HOT SPOT 16 &#8211; Laminox"},"content":{"rendered":"","protected":false},"excerpt":{"rendered":"<p>Po\u00eale \u00e0 granul\u00e9s d&rsquo;ext\u00e9rieur \u00e0 tirage naturel. Pas d&rsquo;\u00e9lectricit\u00e9 requise. Uniquement pour une utilisation en ext\u00e9rieur. \u00c9quip\u00e9 de roues pour un d\u00e9placement facile.<\/p>\n","protected":false},"featured_media":56352,"template":"","meta":{"_acf_changed":false},"product_brand":[4826],"product_cat":[4595],"product_tag":[],"class_list":{"0":"post-59202","1":"product","2":"type-product","3":"status-publish","4":"has-post-thumbnail","6":"product_brand-laminox-idro-fr","7":"product_cat-chauffages-d-exterieur","8":"product_shipping_class-riscaldatori-da-esterno-2","9":"pa_colore-anthracite-fr","10":"pa_colore-blanc","11":"pa_colore-bordeaux-fr","12":"sales-flash-overlay","13":"woocommerce-text-align-center","14":"woocommerce-image-align-center","15":"do-quantity-buttons","17":"first","18":"instock","19":"taxable","20":"shipping-taxable","21":"purchasable","22":"product-type-variable"},"acf":[],"_links":{"self":[{"href":"https:\/\/www.fokussrl.com\/fr\/wp-json\/wp\/v2\/product\/59202","targetHints":{"allow":["GET"]}}],"collection":[{"href":"https:\/\/www.fokussrl.com\/fr\/wp-json\/wp\/v2\/product"}],"about":[{"href":"https:\/\/www.fokussrl.com\/fr\/wp-json\/wp\/v2\/types\/product"}],"wp:featuredmedia":[{"embeddable":true,"href":"https:\/\/www.fokussrl.com\/fr\/wp-json\/wp\/v2\/media\/56352"}],"wp:attachment":[{"href":"https:\/\/www.fokussrl.com\/fr\/wp-json\/wp\/v2\/media?parent=59202"}],"wp:term":[{"taxonomy":"product_brand","embeddable":true,"href":"https:\/\/www.fokussrl.com\/fr\/wp-json\/wp\/v2\/product_brand?post=59202"},{"taxonomy":"product_cat","embeddable":true,"href":"https:\/\/www.fokussrl.com\/fr\/wp-json\/wp\/v2\/product_cat?post=59202"},{"taxonomy":"product_tag","embeddable":true,"href":"https:\/\/www.fokussrl.com\/fr\/wp-json\/wp\/v2\/product_tag?post=59202"}],"curies":[{"name":"wp","href":"https:\/\/api.w.org\/{rel}","templated":true}]}}