{"id":59206,"date":"2025-02-01T17:02:20","date_gmt":"2025-02-01T16:02:20","guid":{"rendered":"http:\/\/fokussrl.com\/prodotto\/poele-granules-dafne-air\/"},"modified":"2025-02-01T17:09:13","modified_gmt":"2025-02-01T16:09:13","slug":"poele-granules-dafne-air","status":"publish","type":"product","link":"https:\/\/www.fokussrl.com\/fr\/produit\/poele-granules-dafne-air\/","title":{"rendered":"Po\u00eale \u00e0 granul\u00e9s DAFNE AIR &#8211; Laminox"},"content":{"rendered":"","protected":false},"excerpt":{"rendered":"<p>Po\u00eale \u00e0 granul\u00e9s DAFNE AIR 5 \u00e9toiles au design carr\u00e9 et lin\u00e9aire, un \u00e9l\u00e9ment d\u00e9coratif qui s&rsquo;int\u00e8gre bien dans les environnements modernes et traditionnels.<\/p>\n<p>Dimensions compactes, syst\u00e8me de chargement des granul\u00e9s par le haut, options de sortie des fum\u00e9es arri\u00e8re ou sup\u00e9rieure.<\/p>\n<p>Disponible avec des panneaux lat\u00e9raux en acier peint ou en pierre.<\/p>\n<p>Dimensions (LxPxH) : 645 x 544 x 765 mm<\/p>\n<p>Poids : 85 kg<\/p>\n<p>Combustible : Granul\u00e9s<\/p>\n<p>Rev\u00eatement : Acier<\/p>\n<p>Performance environnementale : 5 \u00e9toiles<\/p>\n<p>Consommation de granul\u00e9s : De 0,70 \u00e0 1,50 kg\/h<\/p>\n<p>Puissance thermique : De 2,90 \u00e0 6,40 kW<\/p>\n","protected":false},"featured_media":56368,"template":"","meta":{"_acf_changed":false},"product_brand":[4826],"product_cat":[4603],"product_tag":[],"class_list":{"0":"post-59206","1":"product","2":"type-product","3":"status-publish","4":"has-post-thumbnail","6":"product_brand-laminox-idro-fr","7":"product_cat-poeles-a-granules","8":"product_shipping_class-stufe-a-pellet-2-2","9":"pa_colore-blanc","10":"pa_colore-bordeaux-fr","11":"pa_colore-gris-aluminium","12":"pa_colore-ivoire","13":"pa_colore-pierre-travertin","14":"sales-flash-overlay","15":"woocommerce-text-align-center","16":"woocommerce-image-align-center","17":"do-quantity-buttons","19":"first","20":"instock","21":"taxable","22":"shipping-taxable","23":"product-type-variable"},"acf":[],"_links":{"self":[{"href":"https:\/\/www.fokussrl.com\/fr\/wp-json\/wp\/v2\/product\/59206","targetHints":{"allow":["GET"]}}],"collection":[{"href":"https:\/\/www.fokussrl.com\/fr\/wp-json\/wp\/v2\/product"}],"about":[{"href":"https:\/\/www.fokussrl.com\/fr\/wp-json\/wp\/v2\/types\/product"}],"wp:featuredmedia":[{"embeddable":true,"href":"https:\/\/www.fokussrl.com\/fr\/wp-json\/wp\/v2\/media\/56368"}],"wp:attachment":[{"href":"https:\/\/www.fokussrl.com\/fr\/wp-json\/wp\/v2\/media?parent=59206"}],"wp:term":[{"taxonomy":"product_brand","embeddable":true,"href":"https:\/\/www.fokussrl.com\/fr\/wp-json\/wp\/v2\/product_brand?post=59206"},{"taxonomy":"product_cat","embeddable":true,"href":"https:\/\/www.fokussrl.com\/fr\/wp-json\/wp\/v2\/product_cat?post=59206"},{"taxonomy":"product_tag","embeddable":true,"href":"https:\/\/www.fokussrl.com\/fr\/wp-json\/wp\/v2\/product_tag?post=59206"}],"curies":[{"name":"wp","href":"https:\/\/api.w.org\/{rel}","templated":true}]}}