{"id":59212,"date":"2025-02-01T17:02:25","date_gmt":"2025-02-01T16:02:25","guid":{"rendered":"http:\/\/fokussrl.com\/prodotto\/poele-granules-copeaux-calibres-sibilla-omnia-air\/"},"modified":"2025-02-01T17:09:15","modified_gmt":"2025-02-01T16:09:15","slug":"poele-granules-copeaux-calibres-sibilla-omnia-air","status":"publish","type":"product","link":"https:\/\/www.fokussrl.com\/fr\/produit\/poele-granules-copeaux-calibres-sibilla-omnia-air\/","title":{"rendered":"Po\u00eale \u00e0 granul\u00e9s et copeaux calibr\u00e9s SIBILLA OMNIA AIR &#8211; Laminox"},"content":{"rendered":"","protected":false},"excerpt":{"rendered":"<p>Po\u00eale \u00e0 granul\u00e9s &lsquo;5 \u00e9toiles&rsquo; au design carr\u00e9 avec un dessus noir et des c\u00f4t\u00e9s en acier peint, finition en bois, verre teint\u00e9 et gestion par t\u00e9l\u00e9commande.<\/p>\n<p>Structure en acier corten avec brasier autonettoyant.<\/p>\n<p>Certifi\u00e9 pour les granul\u00e9s, capable de br\u00fbler des granul\u00e9s, des copeaux calibr\u00e9s et des mat\u00e9riaux broy\u00e9s.<\/p>\n","protected":false},"featured_media":56402,"template":"","meta":{"_acf_changed":false},"product_brand":[4826],"product_cat":[5376],"product_tag":[],"class_list":{"0":"post-59212","1":"product","2":"type-product","3":"status-publish","4":"has-post-thumbnail","6":"product_brand-laminox-idro-fr","7":"product_cat-poeles-polycombustibles","8":"product_shipping_class-stufe-legna-pellet-2-2","9":"pa_colore-blanc","10":"pa_colore-bronze-fr","11":"pa_colore-gris-aluminium","12":"pa_colore-noir-ride","13":"pa_potenza-12-kw-fr","14":"pa_potenza-15-kw-fr","15":"sales-flash-overlay","16":"woocommerce-text-align-center","17":"woocommerce-image-align-center","18":"do-quantity-buttons","20":"first","21":"instock","22":"taxable","23":"shipping-taxable","24":"purchasable","25":"product-type-variable"},"acf":[],"_links":{"self":[{"href":"https:\/\/www.fokussrl.com\/fr\/wp-json\/wp\/v2\/product\/59212","targetHints":{"allow":["GET"]}}],"collection":[{"href":"https:\/\/www.fokussrl.com\/fr\/wp-json\/wp\/v2\/product"}],"about":[{"href":"https:\/\/www.fokussrl.com\/fr\/wp-json\/wp\/v2\/types\/product"}],"wp:featuredmedia":[{"embeddable":true,"href":"https:\/\/www.fokussrl.com\/fr\/wp-json\/wp\/v2\/media\/56402"}],"wp:attachment":[{"href":"https:\/\/www.fokussrl.com\/fr\/wp-json\/wp\/v2\/media?parent=59212"}],"wp:term":[{"taxonomy":"product_brand","embeddable":true,"href":"https:\/\/www.fokussrl.com\/fr\/wp-json\/wp\/v2\/product_brand?post=59212"},{"taxonomy":"product_cat","embeddable":true,"href":"https:\/\/www.fokussrl.com\/fr\/wp-json\/wp\/v2\/product_cat?post=59212"},{"taxonomy":"product_tag","embeddable":true,"href":"https:\/\/www.fokussrl.com\/fr\/wp-json\/wp\/v2\/product_tag?post=59212"}],"curies":[{"name":"wp","href":"https:\/\/api.w.org\/{rel}","templated":true}]}}