{"id":59221,"date":"2025-02-01T17:02:25","date_gmt":"2025-02-01T16:02:25","guid":{"rendered":"http:\/\/fokussrl.com\/prodotto\/poele-granules-hermetique-amika\/"},"modified":"2025-02-01T17:09:16","modified_gmt":"2025-02-01T16:09:16","slug":"poele-granules-hermetique-amika","status":"publish","type":"product","link":"https:\/\/www.fokussrl.com\/fr\/produit\/poele-granules-hermetique-amika\/","title":{"rendered":"Po\u00eale \u00e0 granul\u00e9s herm\u00e9tique AMIKA &#8211; La Nordica &#8211; Extraflame"},"content":{"rendered":"","protected":false},"excerpt":{"rendered":"<p>Le po\u00eale \u00e0 granul\u00e9s Amika pr\u00e9sente un design cylindrique moderne avec un diam\u00e8tre de seulement 46 cm, ce qui le rend adapt\u00e9 \u00e0 tout espace de vie, m\u00eame l\u00e0 o\u00f9 l&rsquo;espace est limit\u00e9.<\/p>\n","protected":false},"featured_media":56419,"template":"","meta":{"_acf_changed":false},"product_brand":[4824],"product_cat":[4605],"product_tag":[],"class_list":{"0":"post-59221","1":"product","2":"type-product","3":"status-publish","4":"has-post-thumbnail","6":"product_brand-la-nordica-extraflame-fr","7":"product_cat-poeles-a-granules-hermetiques","8":"product_shipping_class-stufe-a-pellet-ermetiche-2","9":"pa_colore-blanc","10":"pa_colore-noir","11":"pa_colore-pierre","12":"sales-flash-overlay","13":"woocommerce-text-align-center","14":"woocommerce-image-align-center","15":"do-quantity-buttons","17":"first","18":"instock","19":"taxable","20":"shipping-taxable","21":"purchasable","22":"product-type-variable"},"acf":[],"_links":{"self":[{"href":"https:\/\/www.fokussrl.com\/fr\/wp-json\/wp\/v2\/product\/59221","targetHints":{"allow":["GET"]}}],"collection":[{"href":"https:\/\/www.fokussrl.com\/fr\/wp-json\/wp\/v2\/product"}],"about":[{"href":"https:\/\/www.fokussrl.com\/fr\/wp-json\/wp\/v2\/types\/product"}],"wp:featuredmedia":[{"embeddable":true,"href":"https:\/\/www.fokussrl.com\/fr\/wp-json\/wp\/v2\/media\/56419"}],"wp:attachment":[{"href":"https:\/\/www.fokussrl.com\/fr\/wp-json\/wp\/v2\/media?parent=59221"}],"wp:term":[{"taxonomy":"product_brand","embeddable":true,"href":"https:\/\/www.fokussrl.com\/fr\/wp-json\/wp\/v2\/product_brand?post=59221"},{"taxonomy":"product_cat","embeddable":true,"href":"https:\/\/www.fokussrl.com\/fr\/wp-json\/wp\/v2\/product_cat?post=59221"},{"taxonomy":"product_tag","embeddable":true,"href":"https:\/\/www.fokussrl.com\/fr\/wp-json\/wp\/v2\/product_tag?post=59221"}],"curies":[{"name":"wp","href":"https:\/\/api.w.org\/{rel}","templated":true}]}}