{"id":59225,"date":"2025-02-01T17:02:25","date_gmt":"2025-02-01T16:02:25","guid":{"rendered":"http:\/\/fokussrl.com\/prodotto\/poele-granules-hermetique-canalisee-sharon-plus\/"},"modified":"2025-02-01T17:09:18","modified_gmt":"2025-02-01T16:09:18","slug":"poele-granules-hermetique-canalisee-sharon-plus","status":"publish","type":"product","link":"https:\/\/www.fokussrl.com\/fr\/produit\/poele-granules-hermetique-canalisee-sharon-plus\/","title":{"rendered":"Po\u00eale \u00e0 granul\u00e9s herm\u00e9tique canalis\u00e9e SHARON PLUS &#8211; La Nordica &#8211; Extraflame"},"content":{"rendered":"","protected":false},"excerpt":{"rendered":"<p>D\u00e9couvrez le po\u00eale \u00e0 granul\u00e9s Sharon Plus de Nordica Extraflame : une solution de chauffage \u00e9l\u00e9gante qui allie design sophistiqu\u00e9 et fonctionnalit\u00e9 \u00e9cologique. Avec des finitions en m\u00e9tal, verre noir ou pierre naturelle, ce po\u00eale ajoute du style \u00e0 tout espace. Ses dimensions compactes le rendent parfait pour les petits espaces, tandis que son puissant moteur de canalisation distribue la chaleur jusqu&rsquo;\u00e0 8 m\u00e8tres. Herm\u00e9tiquement scell\u00e9 et test\u00e9 en ligne pour la s\u00e9curit\u00e9, Sharon Plus offre confort et tranquillit\u00e9 dans chaque environnement domestique.<\/p>\n","protected":false},"featured_media":56439,"template":"","meta":{"_acf_changed":false},"product_brand":[4824],"product_cat":[4605,4604],"product_tag":[],"class_list":{"0":"post-59225","1":"product","2":"type-product","3":"status-publish","4":"has-post-thumbnail","6":"product_brand-la-nordica-extraflame-fr","7":"product_cat-poeles-a-granules-hermetiques","8":"product_cat-poeles-a-granules-ventiles","9":"product_shipping_class-stufe-a-pellet-ermetiche-2","10":"pa_colore-acier","11":"pa_colore-cristal","12":"pa_colore-petra-fr","13":"sales-flash-overlay","14":"woocommerce-text-align-center","15":"woocommerce-image-align-center","16":"do-quantity-buttons","18":"first","19":"instock","20":"taxable","21":"shipping-taxable","22":"purchasable","23":"product-type-variable"},"acf":[],"_links":{"self":[{"href":"https:\/\/www.fokussrl.com\/fr\/wp-json\/wp\/v2\/product\/59225","targetHints":{"allow":["GET"]}}],"collection":[{"href":"https:\/\/www.fokussrl.com\/fr\/wp-json\/wp\/v2\/product"}],"about":[{"href":"https:\/\/www.fokussrl.com\/fr\/wp-json\/wp\/v2\/types\/product"}],"wp:featuredmedia":[{"embeddable":true,"href":"https:\/\/www.fokussrl.com\/fr\/wp-json\/wp\/v2\/media\/56439"}],"wp:attachment":[{"href":"https:\/\/www.fokussrl.com\/fr\/wp-json\/wp\/v2\/media?parent=59225"}],"wp:term":[{"taxonomy":"product_brand","embeddable":true,"href":"https:\/\/www.fokussrl.com\/fr\/wp-json\/wp\/v2\/product_brand?post=59225"},{"taxonomy":"product_cat","embeddable":true,"href":"https:\/\/www.fokussrl.com\/fr\/wp-json\/wp\/v2\/product_cat?post=59225"},{"taxonomy":"product_tag","embeddable":true,"href":"https:\/\/www.fokussrl.com\/fr\/wp-json\/wp\/v2\/product_tag?post=59225"}],"curies":[{"name":"wp","href":"https:\/\/api.w.org\/{rel}","templated":true}]}}