{"id":59229,"date":"2025-02-01T17:02:30","date_gmt":"2025-02-01T16:02:30","guid":{"rendered":"http:\/\/fokussrl.com\/prodotto\/poele-granules-hermetique-elisa\/"},"modified":"2025-02-01T17:09:19","modified_gmt":"2025-02-01T16:09:19","slug":"poele-granules-hermetique-elisa","status":"publish","type":"product","link":"https:\/\/www.fokussrl.com\/fr\/produit\/poele-granules-hermetique-elisa\/","title":{"rendered":"Po\u00eale \u00e0 granul\u00e9s herm\u00e9tique ELISA &#8211; L&rsquo;artistico"},"content":{"rendered":"","protected":false},"excerpt":{"rendered":"<p>Le po\u00eale \u00e0 granul\u00e9s ventil\u00e9 ELISA de 8 kW est adapt\u00e9 pour chauffer des espaces jusqu&rsquo;\u00e0 80 m\u00b2. Son grand r\u00e9servoir et sa faible consommation horaire peuvent offrir jusqu&rsquo;\u00e0 28 heures d&rsquo;autonomie \u00e0 temp\u00e9rature minimale. Un module WIFI avec une application d\u00e9di\u00e9e pour le contr\u00f4le \u00e0 distance est inclus de s\u00e9rie, ainsi qu&rsquo;une t\u00e9l\u00e9commande radio pour r\u00e9gler la temp\u00e9rature m\u00eame depuis la pi\u00e8ce voisine. Le po\u00eale \u00e0 granul\u00e9s ELISA combine la durabilit\u00e9 de son brasier en fonte, r\u00e9sistant aux temp\u00e9ratures extr\u00eamement \u00e9lev\u00e9es, avec l&rsquo;\u00e9l\u00e9gance et la modernit\u00e9 de sa forme circulaire, en faisant un \u00e9l\u00e9ment d\u00e9coratif raffin\u00e9.<\/p>\n","protected":false},"featured_media":56467,"template":"","meta":{"_acf_changed":false},"product_brand":[4822],"product_cat":[4605],"product_tag":[],"class_list":{"0":"post-59229","1":"product","2":"type-product","3":"status-publish","4":"has-post-thumbnail","6":"product_brand-l-artistico-fr","7":"product_cat-poeles-a-granules-hermetiques","8":"product_shipping_class-stufe-a-pellet-ermetiche-2","9":"pa_versione-evacuation-arriere","10":"pa_versione-evacuation-superieure","11":"sales-flash-overlay","12":"woocommerce-text-align-center","13":"woocommerce-image-align-center","14":"do-quantity-buttons","16":"first","17":"instock","18":"taxable","19":"shipping-taxable","20":"purchasable","21":"product-type-variable"},"acf":[],"_links":{"self":[{"href":"https:\/\/www.fokussrl.com\/fr\/wp-json\/wp\/v2\/product\/59229","targetHints":{"allow":["GET"]}}],"collection":[{"href":"https:\/\/www.fokussrl.com\/fr\/wp-json\/wp\/v2\/product"}],"about":[{"href":"https:\/\/www.fokussrl.com\/fr\/wp-json\/wp\/v2\/types\/product"}],"wp:featuredmedia":[{"embeddable":true,"href":"https:\/\/www.fokussrl.com\/fr\/wp-json\/wp\/v2\/media\/56467"}],"wp:attachment":[{"href":"https:\/\/www.fokussrl.com\/fr\/wp-json\/wp\/v2\/media?parent=59229"}],"wp:term":[{"taxonomy":"product_brand","embeddable":true,"href":"https:\/\/www.fokussrl.com\/fr\/wp-json\/wp\/v2\/product_brand?post=59229"},{"taxonomy":"product_cat","embeddable":true,"href":"https:\/\/www.fokussrl.com\/fr\/wp-json\/wp\/v2\/product_cat?post=59229"},{"taxonomy":"product_tag","embeddable":true,"href":"https:\/\/www.fokussrl.com\/fr\/wp-json\/wp\/v2\/product_tag?post=59229"}],"curies":[{"name":"wp","href":"https:\/\/api.w.org\/{rel}","templated":true}]}}