{"id":59235,"date":"2025-02-01T17:02:30","date_gmt":"2025-02-01T16:02:30","guid":{"rendered":"http:\/\/fokussrl.com\/prodotto\/poele-granules-hermetique-matisse\/"},"modified":"2025-07-20T22:16:32","modified_gmt":"2025-07-20T20:16:32","slug":"poele-granules-hermetique-matisse","status":"publish","type":"product","link":"https:\/\/www.fokussrl.com\/fr\/produit\/poele-granules-hermetique-matisse\/","title":{"rendered":"Po\u00eale \u00e0 granul\u00e9s herm\u00e9tique MATISSE &#8211; Jolly Mec"},"content":{"rendered":"","protected":false},"excerpt":{"rendered":"<p>Le po\u00eale \u00e0 granul\u00e9s MATISSE est n\u00e9 d&rsquo;une recherche approfondie sur l&rsquo;essence des formes, associ\u00e9e \u00e0 l&rsquo;excellence des techniques artisanales 100% Made in Italy. MATISSE est le r\u00e9sultat de la synth\u00e8se entre \u00e9l\u00e9gance et innovation extr\u00eame : il est \u00e9quip\u00e9 de la technologie VERTICAL AIR\u00ae, d&rsquo;un syst\u00e8me d&rsquo;alimentation \u00e0 faible consommation 24 volts et du br\u00fbleur brevet\u00e9 J-EVO 3\u00ae.<br \/>\nDesign exclusif : Le rev\u00eatement \u00e9l\u00e9gant en verre tremp\u00e9 noir de MATISSE est entrecoup\u00e9 du motif sur mesure de deux grilles verticales courant sur toute la longueur du po\u00eale. \u00c0 l&rsquo;int\u00e9rieur, la chambre de combustion Fireflector pr\u00e9sente une forme arrondie.<br \/>\nMeilleure distribution de la chaleur : MATISSE dispose du syst\u00e8me VERTICAL AIR\u00ae, un brevet Jolly Mec qui diffuse l&rsquo;air verticalement et chauffe la pi\u00e8ce de mani\u00e8re plus uniforme.<br \/>\nEncore plus silencieux : Le mode Silent+ permet \u00e0 MATISSE de chauffer l&rsquo;environnement environnant de mani\u00e8re naturelle sans utiliser de ventilateurs, \u00e9liminant ainsi le bruit.<br \/>\nBasse consommation \u00e9lectrique et autonomie \u00e9nerg\u00e9tique : MATISSE est aliment\u00e9 en 24 volts int\u00e9gral, une technologie qui garantit des \u00e9conomies de consommation \u00e9lectrique, un meilleur contr\u00f4le de la combustion et une plus grande fiabilit\u00e9 et s\u00e9curit\u00e9. Avec un kit de batterie en option, le fonctionnement est garanti pendant plusieurs jours m\u00eame sans \u00e9lectricit\u00e9. Associ\u00e9 au kit photovolta\u00efque Jolly Mec, le po\u00eale \u00e0 granul\u00e9s MATISSE chauffe compl\u00e8tement ind\u00e9pendamment de l&rsquo;\u00e9lectricit\u00e9.<br \/>\nBr\u00fbleur autonettoyant : Le br\u00fbleur exclusif J-EVO 3\u00ae, le nouveau brevet Jolly Mec, garantit une combustion des granul\u00e9s meilleure et plus pr\u00e9cise. En plus d&rsquo;\u00eatre plus silencieux, le J-EVO 3\u00ae \u00e9limine le besoin de nettoyage du brasier.<\/p>\n","protected":false},"featured_media":56497,"template":"","meta":{"_acf_changed":false},"product_brand":[4816],"product_cat":[4605],"product_tag":[],"class_list":{"0":"post-59235","1":"product","2":"type-product","3":"status-publish","4":"has-post-thumbnail","6":"product_brand-jolly-mec-fr","7":"product_cat-poeles-a-granules-hermetiques","8":"product_shipping_class-stufe-a-pellet-ermetiche-2","9":"pa_potenza-10-kw-fr","10":"pa_potenza-6-kw-fr","11":"pa_potenza-8-kw-fr","12":"pa_versione-sortie-des-fumees-arriere","13":"pa_versione-sortie-des-fumees-superieure","14":"pa_versione-sortie-des-fumees-superieure-concentrique","15":"sales-flash-overlay","16":"woocommerce-text-align-center","17":"woocommerce-image-align-center","18":"do-quantity-buttons","20":"first","21":"instock","22":"taxable","23":"shipping-taxable","24":"product-type-variable"},"acf":[],"_links":{"self":[{"href":"https:\/\/www.fokussrl.com\/fr\/wp-json\/wp\/v2\/product\/59235","targetHints":{"allow":["GET"]}}],"collection":[{"href":"https:\/\/www.fokussrl.com\/fr\/wp-json\/wp\/v2\/product"}],"about":[{"href":"https:\/\/www.fokussrl.com\/fr\/wp-json\/wp\/v2\/types\/product"}],"wp:featuredmedia":[{"embeddable":true,"href":"https:\/\/www.fokussrl.com\/fr\/wp-json\/wp\/v2\/media\/56497"}],"wp:attachment":[{"href":"https:\/\/www.fokussrl.com\/fr\/wp-json\/wp\/v2\/media?parent=59235"}],"wp:term":[{"taxonomy":"product_brand","embeddable":true,"href":"https:\/\/www.fokussrl.com\/fr\/wp-json\/wp\/v2\/product_brand?post=59235"},{"taxonomy":"product_cat","embeddable":true,"href":"https:\/\/www.fokussrl.com\/fr\/wp-json\/wp\/v2\/product_cat?post=59235"},{"taxonomy":"product_tag","embeddable":true,"href":"https:\/\/www.fokussrl.com\/fr\/wp-json\/wp\/v2\/product_tag?post=59235"}],"curies":[{"name":"wp","href":"https:\/\/api.w.org\/{rel}","templated":true}]}}