{"id":59255,"date":"2025-02-01T17:02:35","date_gmt":"2025-02-01T16:02:35","guid":{"rendered":"http:\/\/fokussrl.com\/prodotto\/poele-granules-hermetique-v-sion-8-4-kw\/"},"modified":"2025-07-20T22:17:23","modified_gmt":"2025-07-20T20:17:23","slug":"poele-granules-hermetique-v-sion-8-4-kw","status":"publish","type":"product","link":"https:\/\/www.fokussrl.com\/fr\/produit\/poele-granules-hermetique-v-sion-8-4-kw\/","title":{"rendered":"Po\u00eale \u00e0 granul\u00e9s herm\u00e9tique V-SION 8,4 kW &#8211; Jolly Mec"},"content":{"rendered":"","protected":false},"excerpt":{"rendered":"<p>Un po\u00eale \u00e0 granul\u00e9s panoramique, caract\u00e9ris\u00e9 par un design exclusif, des lignes \u00e9pur\u00e9es et une vue int\u00e9grale de la flamme. V-SION est n\u00e9 de la fusion entre technologie avanc\u00e9e et exp\u00e9rience sensorielle. La porte en verre c\u00e9ramique \u00e0 trois faces permet de profiter de tout le charme du feu. Un produit aux lignes minimalistes capable de conf\u00e9rer une aura exclusive \u00e0 tout int\u00e9rieur.<\/p>\n<p>La technologie innovante permet d&rsquo;obtenir des rendements \u00e9lev\u00e9s avec de faibles \u00e9missions. V-SION est con\u00e7u et certifi\u00e9 pour fonctionner de mani\u00e8re \u00e9tanche : l&rsquo;air de combustion est pr\u00e9lev\u00e9 \u00e0 l&rsquo;ext\u00e9rieur sans r\u00e9duire l&rsquo;oxyg\u00e8ne dans l&rsquo;environnement int\u00e9rieur.<\/p>\n<p>Pour s&rsquo;adapter aux diff\u00e9rentes solutions d&rsquo;habitat, la sortie de fum\u00e9e la plus adapt\u00e9e peut \u00eatre utilis\u00e9e ; arri\u00e8re ou sup\u00e9rieure. Il peut \u00e9galement \u00eatre install\u00e9 avec un conduit de fum\u00e9e coaxial. Un kit de canalisation peut \u00eatre inclus pour chauffer les pi\u00e8ces environnantes.<\/p>\n<p>Tous les contr\u00f4les peuvent \u00eatre effectu\u00e9s via l&rsquo;interface simple de la t\u00e9l\u00e9commande tactile standard. Un dispositif Wifi peut \u00eatre ajout\u00e9 pour g\u00e9rer le fonctionnement du po\u00eale \u00e0 distance via une application web depuis votre smartphone ou tablette.<\/p>\n","protected":false},"featured_media":56537,"template":"","meta":{"_acf_changed":false},"product_brand":[4816],"product_cat":[4605],"product_tag":[],"class_list":{"0":"post-59255","1":"product","2":"type-product","3":"status-publish","4":"has-post-thumbnail","6":"product_brand-jolly-mec-fr","7":"product_cat-poeles-a-granules-hermetiques","8":"product_shipping_class-stufe-a-pellet-ermetiche-2","9":"pa_versione-evacuation-arriere","10":"pa_versione-evacuation-coaxiale","11":"pa_versione-evacuation-superieure","12":"sales-flash-overlay","13":"woocommerce-text-align-center","14":"woocommerce-image-align-center","15":"do-quantity-buttons","17":"first","18":"instock","19":"taxable","20":"shipping-taxable","21":"purchasable","22":"product-type-variable"},"acf":[],"_links":{"self":[{"href":"https:\/\/www.fokussrl.com\/fr\/wp-json\/wp\/v2\/product\/59255","targetHints":{"allow":["GET"]}}],"collection":[{"href":"https:\/\/www.fokussrl.com\/fr\/wp-json\/wp\/v2\/product"}],"about":[{"href":"https:\/\/www.fokussrl.com\/fr\/wp-json\/wp\/v2\/types\/product"}],"wp:featuredmedia":[{"embeddable":true,"href":"https:\/\/www.fokussrl.com\/fr\/wp-json\/wp\/v2\/media\/56537"}],"wp:attachment":[{"href":"https:\/\/www.fokussrl.com\/fr\/wp-json\/wp\/v2\/media?parent=59255"}],"wp:term":[{"taxonomy":"product_brand","embeddable":true,"href":"https:\/\/www.fokussrl.com\/fr\/wp-json\/wp\/v2\/product_brand?post=59255"},{"taxonomy":"product_cat","embeddable":true,"href":"https:\/\/www.fokussrl.com\/fr\/wp-json\/wp\/v2\/product_cat?post=59255"},{"taxonomy":"product_tag","embeddable":true,"href":"https:\/\/www.fokussrl.com\/fr\/wp-json\/wp\/v2\/product_tag?post=59255"}],"curies":[{"name":"wp","href":"https:\/\/api.w.org\/{rel}","templated":true}]}}