{"id":59259,"date":"2025-02-01T17:02:35","date_gmt":"2025-02-01T16:02:35","guid":{"rendered":"http:\/\/fokussrl.com\/prodotto\/poele-granules-hermetique-ventilee-peggy\/"},"modified":"2025-02-01T17:09:26","modified_gmt":"2025-02-01T16:09:26","slug":"poele-granules-hermetique-ventilee-peggy","status":"publish","type":"product","link":"https:\/\/www.fokussrl.com\/fr\/produit\/poele-granules-hermetique-ventilee-peggy\/","title":{"rendered":"Po\u00eale \u00e0 granul\u00e9s herm\u00e9tique ventil\u00e9e PEGGY &#8211; La Nordica &#8211; Extraflame"},"content":{"rendered":"","protected":false},"excerpt":{"rendered":"<p>Po\u00eale \u00e0 granul\u00e9s \u00e9tanche et ventil\u00e9e avec un dessus et une porte de foyer en fonte \u00e9maill\u00e9e. Id\u00e9ale pour \u00eatre ins\u00e9r\u00e9e dans d&rsquo;anciens chemin\u00e9es encadr\u00e9es. Disponible avec deux types de pi\u00e9destaux : Classic ou Style.<\/p>\n","protected":false},"featured_media":56553,"template":"","meta":{"_acf_changed":false},"product_brand":[4824],"product_cat":[4605],"product_tag":[],"class_list":{"0":"post-59259","1":"product","2":"type-product","3":"status-publish","4":"has-post-thumbnail","6":"product_brand-la-nordica-extraflame-fr","7":"product_cat-poeles-a-granules-hermetiques","8":"product_shipping_class-stufe-a-pellet-ermetiche-2","9":"pa_modello-avec-piedestal-classique","10":"pa_modello-avec-piedestal-design","11":"pa_modello-sans-piedestal","12":"sales-flash-overlay","13":"woocommerce-text-align-center","14":"woocommerce-image-align-center","15":"do-quantity-buttons","17":"first","18":"instock","19":"taxable","20":"shipping-taxable","21":"purchasable","22":"product-type-variable"},"acf":[],"_links":{"self":[{"href":"https:\/\/www.fokussrl.com\/fr\/wp-json\/wp\/v2\/product\/59259","targetHints":{"allow":["GET"]}}],"collection":[{"href":"https:\/\/www.fokussrl.com\/fr\/wp-json\/wp\/v2\/product"}],"about":[{"href":"https:\/\/www.fokussrl.com\/fr\/wp-json\/wp\/v2\/types\/product"}],"wp:featuredmedia":[{"embeddable":true,"href":"https:\/\/www.fokussrl.com\/fr\/wp-json\/wp\/v2\/media\/56553"}],"wp:attachment":[{"href":"https:\/\/www.fokussrl.com\/fr\/wp-json\/wp\/v2\/media?parent=59259"}],"wp:term":[{"taxonomy":"product_brand","embeddable":true,"href":"https:\/\/www.fokussrl.com\/fr\/wp-json\/wp\/v2\/product_brand?post=59259"},{"taxonomy":"product_cat","embeddable":true,"href":"https:\/\/www.fokussrl.com\/fr\/wp-json\/wp\/v2\/product_cat?post=59259"},{"taxonomy":"product_tag","embeddable":true,"href":"https:\/\/www.fokussrl.com\/fr\/wp-json\/wp\/v2\/product_tag?post=59259"}],"curies":[{"name":"wp","href":"https:\/\/api.w.org\/{rel}","templated":true}]}}