{"id":59273,"date":"2025-02-01T17:02:40","date_gmt":"2025-02-01T16:02:40","guid":{"rendered":"http:\/\/fokussrl.com\/prodotto\/poele-granules-canalise-futura-evo-5-0\/"},"modified":"2025-02-01T17:09:31","modified_gmt":"2025-02-01T16:09:31","slug":"poele-granules-canalise-futura-evo-5-0","status":"publish","type":"product","link":"https:\/\/www.fokussrl.com\/fr\/produit\/poele-granules-canalise-futura-evo-5-0\/","title":{"rendered":"Po\u00eale \u00e0 granul\u00e9s canalis\u00e9 FUTURA EVO 5.0 &#8211; Kalor"},"content":{"rendered":"","protected":false},"excerpt":{"rendered":"<p><strong>Futura<\/strong>, de nom et de fait. Le design \u00e9pur\u00e9 et lin\u00e9aire de cette nouvelle gamme de po\u00eales, compl\u00e9t\u00e9 par la pr\u00e9sence d&rsquo;une double porte, est rendu encore plus innovant par la ventilation sup\u00e9rieure et l&rsquo;absence d&rsquo;un v\u00e9ritable affichage. Les po\u00eales Futura sont programm\u00e9s et g\u00e9r\u00e9s par une t\u00e9l\u00e9commande tactile capable d&rsquo;interagir jusqu&rsquo;\u00e0 60 m\u00e8tres. L&rsquo;option de sortie de fum\u00e9e sup\u00e9rieure rend ces po\u00eales polyvalents et adapt\u00e9s m\u00eame aux espaces les plus petits, sans compromettre la grande capacit\u00e9 du r\u00e9servoir \u00e0 granul\u00e9s. Gr\u00e2ce \u00e0 leurs caract\u00e9ristiques, les po\u00eales Futura sont \u00e9cologiques et conformes au r\u00e8glement Ecodesign 2022.<\/p>\n<p>Version Evo avec certification environnementale 5 \u00e9toiles.<\/p>\n","protected":false},"featured_media":56573,"template":"","meta":{"_acf_changed":false},"product_brand":[4818],"product_cat":[4604],"product_tag":[],"class_list":{"0":"post-59273","1":"product","2":"type-product","3":"status-publish","4":"has-post-thumbnail","6":"product_brand-kalor-fr","7":"product_cat-poeles-a-granules-ventiles","8":"product_shipping_class-stufe-a-pellet-canalizzate-2-2","9":"pa_colore-blanc","10":"pa_colore-bordeaux-fr","11":"pa_colore-noir","12":"pa_potenza-11-kw-fr","13":"pa_potenza-7-kw-fr","14":"pa_potenza-9-kw-fr","15":"sales-flash-overlay","16":"woocommerce-text-align-center","17":"woocommerce-image-align-center","18":"do-quantity-buttons","20":"first","21":"instock","22":"taxable","23":"shipping-taxable","24":"purchasable","25":"product-type-variable"},"acf":[],"_links":{"self":[{"href":"https:\/\/www.fokussrl.com\/fr\/wp-json\/wp\/v2\/product\/59273","targetHints":{"allow":["GET"]}}],"collection":[{"href":"https:\/\/www.fokussrl.com\/fr\/wp-json\/wp\/v2\/product"}],"about":[{"href":"https:\/\/www.fokussrl.com\/fr\/wp-json\/wp\/v2\/types\/product"}],"wp:featuredmedia":[{"embeddable":true,"href":"https:\/\/www.fokussrl.com\/fr\/wp-json\/wp\/v2\/media\/56573"}],"wp:attachment":[{"href":"https:\/\/www.fokussrl.com\/fr\/wp-json\/wp\/v2\/media?parent=59273"}],"wp:term":[{"taxonomy":"product_brand","embeddable":true,"href":"https:\/\/www.fokussrl.com\/fr\/wp-json\/wp\/v2\/product_brand?post=59273"},{"taxonomy":"product_cat","embeddable":true,"href":"https:\/\/www.fokussrl.com\/fr\/wp-json\/wp\/v2\/product_cat?post=59273"},{"taxonomy":"product_tag","embeddable":true,"href":"https:\/\/www.fokussrl.com\/fr\/wp-json\/wp\/v2\/product_tag?post=59273"}],"curies":[{"name":"wp","href":"https:\/\/api.w.org\/{rel}","templated":true}]}}