{"id":59283,"date":"2025-02-01T17:02:40","date_gmt":"2025-02-01T16:02:40","guid":{"rendered":"http:\/\/fokussrl.com\/prodotto\/poele-granules-hydro-air-duka-version-comfort\/"},"modified":"2025-07-20T22:18:10","modified_gmt":"2025-07-20T20:18:10","slug":"poele-granules-hydro-air-duka-version-comfort","status":"publish","type":"product","link":"https:\/\/www.fokussrl.com\/fr\/produit\/poele-granules-hydro-air-duka-version-comfort\/","title":{"rendered":"Po\u00eale \u00e0 granul\u00e9s hydro + air Duka Version Comfort &#8211; Jolly Mec"},"content":{"rendered":"","protected":false},"excerpt":{"rendered":"<p>Thermopo\u00eale au design exclusif, lignes \u00e9pur\u00e9es et haute efficacit\u00e9. DUKA est disponible en deux puissances, 16 kW et 19 kW, et en deux finitions, blanc ou noir. DUKA est id\u00e9ale pour chauffer de mani\u00e8re autonome des habitations moyennes \u00e0 grandes.<\/p>\n<p>Dans cette version COMFORT, il est possible de chauffer l&rsquo;environnement uniquement avec de l&rsquo;air chaud ; gr\u00e2ce \u00e0 la grille verticale \u00e0 gauche de la porte en verre, le puissant ventilateur et l&rsquo;\u00e9changeur permettent de chauffer rapidement sans activer le syst\u00e8me. Pratique et facile \u00e0 utiliser, toutes les commandes de fonctionnement et de r\u00e9glage se font via une t\u00e9l\u00e9commande intuitive fournie en standard. Le kit hydraulique est inclus et d\u00e9j\u00e0 test\u00e9. De plus, avec le dispositif Wifi en option, vous pouvez g\u00e9rer le fonctionnement du po\u00eale et r\u00e9gler la temp\u00e9rature \u00e0 distance via un t\u00e9l\u00e9phone ou une tablette.<\/p>\n","protected":false},"featured_media":56613,"template":"","meta":{"_acf_changed":false},"product_brand":[4816],"product_cat":[4617],"product_tag":[],"class_list":{"0":"post-59283","1":"product","2":"type-product","3":"status-publish","4":"has-post-thumbnail","6":"product_brand-jolly-mec-fr","7":"product_cat-poeles-hydro-a-granules","8":"product_shipping_class-termostufe-a-pellet-2","9":"pa_colore-blanc","10":"pa_colore-noir","11":"pa_potenza-16-kw-fr","12":"pa_potenza-19-kw-fr","13":"sales-flash-overlay","14":"woocommerce-text-align-center","15":"woocommerce-image-align-center","16":"do-quantity-buttons","18":"first","19":"instock","20":"taxable","21":"shipping-taxable","22":"product-type-variable"},"acf":[],"_links":{"self":[{"href":"https:\/\/www.fokussrl.com\/fr\/wp-json\/wp\/v2\/product\/59283","targetHints":{"allow":["GET"]}}],"collection":[{"href":"https:\/\/www.fokussrl.com\/fr\/wp-json\/wp\/v2\/product"}],"about":[{"href":"https:\/\/www.fokussrl.com\/fr\/wp-json\/wp\/v2\/types\/product"}],"wp:featuredmedia":[{"embeddable":true,"href":"https:\/\/www.fokussrl.com\/fr\/wp-json\/wp\/v2\/media\/56613"}],"wp:attachment":[{"href":"https:\/\/www.fokussrl.com\/fr\/wp-json\/wp\/v2\/media?parent=59283"}],"wp:term":[{"taxonomy":"product_brand","embeddable":true,"href":"https:\/\/www.fokussrl.com\/fr\/wp-json\/wp\/v2\/product_brand?post=59283"},{"taxonomy":"product_cat","embeddable":true,"href":"https:\/\/www.fokussrl.com\/fr\/wp-json\/wp\/v2\/product_cat?post=59283"},{"taxonomy":"product_tag","embeddable":true,"href":"https:\/\/www.fokussrl.com\/fr\/wp-json\/wp\/v2\/product_tag?post=59283"}],"curies":[{"name":"wp","href":"https:\/\/api.w.org\/{rel}","templated":true}]}}