{"id":59288,"date":"2025-02-01T17:02:45","date_gmt":"2025-02-01T16:02:45","guid":{"rendered":"http:\/\/fokussrl.com\/prodotto\/poele-granules-jessica-air-black-line\/"},"modified":"2025-02-01T17:09:40","modified_gmt":"2025-02-01T16:09:40","slug":"poele-granules-jessica-air-black-line","status":"publish","type":"product","link":"https:\/\/www.fokussrl.com\/fr\/produit\/poele-granules-jessica-air-black-line\/","title":{"rendered":"Po\u00eale \u00e0 granul\u00e9s Jessica Air Black Line &#8211; Laminox"},"content":{"rendered":"","protected":false},"excerpt":{"rendered":"<p>Po\u00eale \u00e0 granul\u00e9s Air \u00e9tanche avec option de sortie de fum\u00e9e sup\u00e9rieure coaxiale, design \u00e9pur\u00e9 et \u00e9l\u00e9gant, gestion automatique de la ventilation ambiante avec mode silencieux aux niveaux de puissance les plus bas.<\/p>\n","protected":false},"featured_media":56630,"template":"","meta":{"_acf_changed":false},"product_brand":[4826],"product_cat":[4605],"product_tag":[5148],"class_list":{"0":"post-59288","1":"product","2":"type-product","3":"status-publish","4":"has-post-thumbnail","6":"product_brand-laminox-idro-fr","7":"product_cat-poeles-a-granules-hermetiques","8":"product_tag-poeles-a-granules-etanches-laminox-idro","9":"product_shipping_class-stufe-a-pellet-ermetiche-2","10":"pa_colore-blanc","11":"pa_colore-bordeaux-fr","12":"pa_colore-bronze-fr","13":"pa_colore-gris-aluminium","14":"pa_colore-noir-lustre","15":"pa_colore-noir-ride","16":"pa_potenza-7-kw-fr","17":"pa_potenza-9-kw-fr","18":"pa_versione-evacuation-arriere","19":"pa_versione-evacuation-coaxiale-superieure","20":"sales-flash-overlay","21":"woocommerce-text-align-center","22":"woocommerce-image-align-center","23":"do-quantity-buttons","25":"first","26":"instock","27":"taxable","28":"shipping-taxable","29":"product-type-variable"},"acf":[],"_links":{"self":[{"href":"https:\/\/www.fokussrl.com\/fr\/wp-json\/wp\/v2\/product\/59288","targetHints":{"allow":["GET"]}}],"collection":[{"href":"https:\/\/www.fokussrl.com\/fr\/wp-json\/wp\/v2\/product"}],"about":[{"href":"https:\/\/www.fokussrl.com\/fr\/wp-json\/wp\/v2\/types\/product"}],"wp:featuredmedia":[{"embeddable":true,"href":"https:\/\/www.fokussrl.com\/fr\/wp-json\/wp\/v2\/media\/56630"}],"wp:attachment":[{"href":"https:\/\/www.fokussrl.com\/fr\/wp-json\/wp\/v2\/media?parent=59288"}],"wp:term":[{"taxonomy":"product_brand","embeddable":true,"href":"https:\/\/www.fokussrl.com\/fr\/wp-json\/wp\/v2\/product_brand?post=59288"},{"taxonomy":"product_cat","embeddable":true,"href":"https:\/\/www.fokussrl.com\/fr\/wp-json\/wp\/v2\/product_cat?post=59288"},{"taxonomy":"product_tag","embeddable":true,"href":"https:\/\/www.fokussrl.com\/fr\/wp-json\/wp\/v2\/product_tag?post=59288"}],"curies":[{"name":"wp","href":"https:\/\/api.w.org\/{rel}","templated":true}]}}