{"id":59313,"date":"2025-02-01T17:02:50","date_gmt":"2025-02-01T16:02:50","guid":{"rendered":"http:\/\/fokussrl.com\/prodotto\/poele-granules-acier-perfecta\/"},"modified":"2025-02-01T17:09:42","modified_gmt":"2025-02-01T16:09:42","slug":"poele-granules-acier-perfecta","status":"publish","type":"product","link":"https:\/\/www.fokussrl.com\/fr\/produit\/poele-granules-acier-perfecta\/","title":{"rendered":"Po\u00eale \u00e0 granul\u00e9s acier PERFECTA &#8211; Kalor"},"content":{"rendered":"","protected":false},"excerpt":{"rendered":"<p>La <strong>Perfecta Acier<\/strong> s&rsquo;adapte \u00e0 tous les environnements de vie gr\u00e2ce \u00e0 son design simple et lin\u00e9aire. Son unit\u00e9 de contr\u00f4le \u00e9lectronique module, en fonction de la temp\u00e9rature souhait\u00e9e, l&rsquo;apport d&rsquo;oxyg\u00e8ne pour la combustion, la fr\u00e9quence d&rsquo;alimentation des granul\u00e9s et la vitesse d&rsquo;\u00e9vacuation des fum\u00e9es.<\/p>\n","protected":false},"featured_media":56679,"template":"","meta":{"_acf_changed":false},"product_brand":[4818],"product_cat":[4603],"product_tag":[],"class_list":{"0":"post-59313","1":"product","2":"type-product","3":"status-publish","4":"has-post-thumbnail","6":"product_brand-kalor-fr","7":"product_cat-poeles-a-granules","8":"product_shipping_class-stufe-a-pellet-2-2","9":"pa_colore-blanc","10":"pa_colore-bordeaux-fr","11":"pa_colore-gris","12":"pa_potenza-10-kw-fr","13":"pa_potenza-12-kw-fr","14":"pa_potenza-8-kw-fr","15":"sales-flash-overlay","16":"woocommerce-text-align-center","17":"woocommerce-image-align-center","18":"do-quantity-buttons","20":"first","21":"instock","22":"taxable","23":"shipping-taxable","24":"purchasable","25":"product-type-variable"},"acf":[],"_links":{"self":[{"href":"https:\/\/www.fokussrl.com\/fr\/wp-json\/wp\/v2\/product\/59313","targetHints":{"allow":["GET"]}}],"collection":[{"href":"https:\/\/www.fokussrl.com\/fr\/wp-json\/wp\/v2\/product"}],"about":[{"href":"https:\/\/www.fokussrl.com\/fr\/wp-json\/wp\/v2\/types\/product"}],"wp:featuredmedia":[{"embeddable":true,"href":"https:\/\/www.fokussrl.com\/fr\/wp-json\/wp\/v2\/media\/56679"}],"wp:attachment":[{"href":"https:\/\/www.fokussrl.com\/fr\/wp-json\/wp\/v2\/media?parent=59313"}],"wp:term":[{"taxonomy":"product_brand","embeddable":true,"href":"https:\/\/www.fokussrl.com\/fr\/wp-json\/wp\/v2\/product_brand?post=59313"},{"taxonomy":"product_cat","embeddable":true,"href":"https:\/\/www.fokussrl.com\/fr\/wp-json\/wp\/v2\/product_cat?post=59313"},{"taxonomy":"product_tag","embeddable":true,"href":"https:\/\/www.fokussrl.com\/fr\/wp-json\/wp\/v2\/product_tag?post=59313"}],"curies":[{"name":"wp","href":"https:\/\/api.w.org\/{rel}","templated":true}]}}