{"id":59328,"date":"2025-02-01T17:02:56","date_gmt":"2025-02-01T16:02:56","guid":{"rendered":"http:\/\/fokussrl.com\/prodotto\/poele-granules-sans-electricite-cero-rem\/"},"modified":"2025-02-01T17:09:47","modified_gmt":"2025-02-01T16:09:47","slug":"poele-granules-sans-electricite-cero-rem","status":"publish","type":"product","link":"https:\/\/www.fokussrl.com\/fr\/produit\/poele-granules-sans-electricite-cero-rem\/","title":{"rendered":"Po\u00eale \u00e0 granul\u00e9s sans \u00e9lectricit\u00e9 CERO REM &#8211; Eider"},"content":{"rendered":"","protected":false},"excerpt":{"rendered":"<p>Po\u00eale \u00e0 granul\u00e9s \u00e0 tirage naturel qui ne n\u00e9cessite aucun support \u00e9lectrique ou \u00e9lectronique pour son fonctionnement. Id\u00e9al dans toutes les situations o\u00f9 il n&rsquo;y a pas de connexion au r\u00e9seau \u00e9lectrique. Disponible \u00e9galement avec ventilation forc\u00e9e \u00e0 connecter au r\u00e9seau \u00e9lectrique uniquement pour le fonctionnement du ventilateur.<\/p>\n","protected":false},"featured_media":56754,"template":"","meta":{"_acf_changed":false},"product_brand":[4806],"product_cat":[4606],"product_tag":[],"class_list":{"0":"post-59328","1":"product","2":"type-product","3":"status-publish","4":"has-post-thumbnail","6":"product_brand-eider-fr","7":"product_cat-poeles-a-granules-sans-electricite","8":"product_shipping_class-stufe-a-pellet-senza-elettricita-2","9":"pa_colore-blanc","10":"pa_versione-convection-naturelle","11":"pa_versione-ventilation-forcee","12":"sales-flash-overlay","13":"woocommerce-text-align-center","14":"woocommerce-image-align-center","15":"do-quantity-buttons","17":"first","18":"instock","19":"taxable","20":"shipping-taxable","21":"purchasable","22":"product-type-variable"},"acf":[],"_links":{"self":[{"href":"https:\/\/www.fokussrl.com\/fr\/wp-json\/wp\/v2\/product\/59328","targetHints":{"allow":["GET"]}}],"collection":[{"href":"https:\/\/www.fokussrl.com\/fr\/wp-json\/wp\/v2\/product"}],"about":[{"href":"https:\/\/www.fokussrl.com\/fr\/wp-json\/wp\/v2\/types\/product"}],"wp:featuredmedia":[{"embeddable":true,"href":"https:\/\/www.fokussrl.com\/fr\/wp-json\/wp\/v2\/media\/56754"}],"wp:attachment":[{"href":"https:\/\/www.fokussrl.com\/fr\/wp-json\/wp\/v2\/media?parent=59328"}],"wp:term":[{"taxonomy":"product_brand","embeddable":true,"href":"https:\/\/www.fokussrl.com\/fr\/wp-json\/wp\/v2\/product_brand?post=59328"},{"taxonomy":"product_cat","embeddable":true,"href":"https:\/\/www.fokussrl.com\/fr\/wp-json\/wp\/v2\/product_cat?post=59328"},{"taxonomy":"product_tag","embeddable":true,"href":"https:\/\/www.fokussrl.com\/fr\/wp-json\/wp\/v2\/product_tag?post=59328"}],"curies":[{"name":"wp","href":"https:\/\/api.w.org\/{rel}","templated":true}]}}