{"id":59331,"date":"2025-02-01T17:10:41","date_gmt":"2025-02-01T16:10:41","guid":{"rendered":"http:\/\/fokussrl.com\/prodotto\/poele-granules-sans-electricite-lydia-natural\/"},"modified":"2025-02-01T17:17:23","modified_gmt":"2025-02-01T16:17:23","slug":"poele-granules-sans-electricite-lydia-natural","status":"publish","type":"product","link":"https:\/\/www.fokussrl.com\/fr\/produit\/poele-granules-sans-electricite-lydia-natural\/","title":{"rendered":"Po\u00eale \u00e0 granul\u00e9s sans \u00e9lectricit\u00e9 LYDIA NATURAL &#8211; Laminox"},"content":{"rendered":"","protected":false},"excerpt":{"rendered":"<p>Po\u00eale \u00e0 granul\u00e9s \u00e0 tirage naturel. Ne n\u00e9cessite aucun support \u00e9lectrique ou \u00e9lectronique.<\/p>\n<p>Sans moteurs ni ventilateurs, elle est totalement silencieuse, con\u00e7ue dans le respect de toutes les normes de s\u00e9curit\u00e9 et extr\u00eamement facile \u00e0 utiliser.<\/p>\n","protected":false},"featured_media":56769,"template":"","meta":{"_acf_changed":false},"product_brand":[4826],"product_cat":[4606],"product_tag":[5147],"class_list":{"0":"post-59331","1":"product","2":"type-product","3":"status-publish","4":"has-post-thumbnail","6":"product_brand-laminox-idro-fr","7":"product_cat-poeles-a-granules-sans-electricite","8":"product_tag-poeles-a-granules-sans-electricite-laminox-idro","9":"product_shipping_class-stufe-a-pellet-senza-elettricita-2","10":"pa_colore-blanc","11":"pa_colore-bronze-fr","12":"pa_colore-gris-aluminium","13":"pa_colore-noir-ride","14":"pa_potenza-10-kw-fr","15":"pa_potenza-7-kw-fr","16":"sales-flash-overlay","17":"woocommerce-text-align-center","18":"woocommerce-image-align-center","19":"do-quantity-buttons","21":"first","22":"instock","23":"taxable","24":"shipping-taxable","25":"product-type-variable"},"acf":[],"_links":{"self":[{"href":"https:\/\/www.fokussrl.com\/fr\/wp-json\/wp\/v2\/product\/59331","targetHints":{"allow":["GET"]}}],"collection":[{"href":"https:\/\/www.fokussrl.com\/fr\/wp-json\/wp\/v2\/product"}],"about":[{"href":"https:\/\/www.fokussrl.com\/fr\/wp-json\/wp\/v2\/types\/product"}],"wp:featuredmedia":[{"embeddable":true,"href":"https:\/\/www.fokussrl.com\/fr\/wp-json\/wp\/v2\/media\/56769"}],"wp:attachment":[{"href":"https:\/\/www.fokussrl.com\/fr\/wp-json\/wp\/v2\/media?parent=59331"}],"wp:term":[{"taxonomy":"product_brand","embeddable":true,"href":"https:\/\/www.fokussrl.com\/fr\/wp-json\/wp\/v2\/product_brand?post=59331"},{"taxonomy":"product_cat","embeddable":true,"href":"https:\/\/www.fokussrl.com\/fr\/wp-json\/wp\/v2\/product_cat?post=59331"},{"taxonomy":"product_tag","embeddable":true,"href":"https:\/\/www.fokussrl.com\/fr\/wp-json\/wp\/v2\/product_tag?post=59331"}],"curies":[{"name":"wp","href":"https:\/\/api.w.org\/{rel}","templated":true}]}}