{"id":59340,"date":"2025-02-01T17:10:41","date_gmt":"2025-02-01T16:10:41","guid":{"rendered":"http:\/\/fokussrl.com\/prodotto\/poele-granules-sans-electricite-phenix-air-black-line\/"},"modified":"2025-02-01T17:17:23","modified_gmt":"2025-02-01T16:17:23","slug":"poele-granules-sans-electricite-phenix-air-black-line","status":"publish","type":"product","link":"https:\/\/www.fokussrl.com\/fr\/produit\/poele-granules-sans-electricite-phenix-air-black-line\/","title":{"rendered":"Po\u00eale \u00e0 granul\u00e9s sans \u00e9lectricit\u00e9 PHENIX AIR BLACK LINE &#8211; Laminox"},"content":{"rendered":"","protected":false},"excerpt":{"rendered":"<p>Po\u00eale \u00e0 granul\u00e9s \u00e0 trois faces \u00e0 tirage naturel. Ne n\u00e9cessite aucun support \u00e9lectrique ou \u00e9lectronique.<\/p>\n<p>Sans moteurs ni ventilateurs, elle est totalement silencieuse, con\u00e7ue dans le respect de toutes les normes de s\u00e9curit\u00e9 et extr\u00eamement facile \u00e0 utiliser.<\/p>\n","protected":false},"featured_media":56798,"template":"","meta":{"_acf_changed":false},"product_brand":[4826],"product_cat":[4606],"product_tag":[],"class_list":{"0":"post-59340","1":"product","2":"type-product","3":"status-publish","4":"has-post-thumbnail","6":"product_brand-laminox-idro-fr","7":"product_cat-poeles-a-granules-sans-electricite","8":"product_shipping_class-stufe-a-pellet-senza-elettricita-2","9":"pa_potenza-10-kw-fr","10":"pa_potenza-7-kw-fr","11":"sales-flash-overlay","12":"woocommerce-text-align-center","13":"woocommerce-image-align-center","14":"do-quantity-buttons","16":"first","17":"instock","18":"taxable","19":"shipping-taxable","20":"purchasable","21":"product-type-variable"},"acf":[],"_links":{"self":[{"href":"https:\/\/www.fokussrl.com\/fr\/wp-json\/wp\/v2\/product\/59340","targetHints":{"allow":["GET"]}}],"collection":[{"href":"https:\/\/www.fokussrl.com\/fr\/wp-json\/wp\/v2\/product"}],"about":[{"href":"https:\/\/www.fokussrl.com\/fr\/wp-json\/wp\/v2\/types\/product"}],"wp:featuredmedia":[{"embeddable":true,"href":"https:\/\/www.fokussrl.com\/fr\/wp-json\/wp\/v2\/media\/56798"}],"wp:attachment":[{"href":"https:\/\/www.fokussrl.com\/fr\/wp-json\/wp\/v2\/media?parent=59340"}],"wp:term":[{"taxonomy":"product_brand","embeddable":true,"href":"https:\/\/www.fokussrl.com\/fr\/wp-json\/wp\/v2\/product_brand?post=59340"},{"taxonomy":"product_cat","embeddable":true,"href":"https:\/\/www.fokussrl.com\/fr\/wp-json\/wp\/v2\/product_cat?post=59340"},{"taxonomy":"product_tag","embeddable":true,"href":"https:\/\/www.fokussrl.com\/fr\/wp-json\/wp\/v2\/product_tag?post=59340"}],"curies":[{"name":"wp","href":"https:\/\/api.w.org\/{rel}","templated":true}]}}