{"id":59343,"date":"2025-02-01T17:10:41","date_gmt":"2025-02-01T16:10:41","guid":{"rendered":"http:\/\/fokussrl.com\/prodotto\/poele-granules-ventilee-mirka\/"},"modified":"2025-02-01T17:17:24","modified_gmt":"2025-02-01T16:17:24","slug":"poele-granules-ventilee-mirka","status":"publish","type":"product","link":"https:\/\/www.fokussrl.com\/fr\/produit\/poele-granules-ventilee-mirka\/","title":{"rendered":"Po\u00eale \u00e0 granul\u00e9s ventil\u00e9e MIRKA &#8211; La Nordica &#8211; Extraflame"},"content":{"rendered":"","protected":false},"excerpt":{"rendered":"<p>Le po\u00eale \u00e0 granul\u00e9s Mirka de Nordica Extraflame : un m\u00e9lange parfait d&rsquo;\u00e9l\u00e9gance et de technologie. \u00c9quip\u00e9 d&rsquo;un r\u00e9servoir \u00e9tanche pour plus de s\u00e9curit\u00e9 et de durabilit\u00e9, d&rsquo;un br\u00fbleur &lsquo;5 \u00e9toiles&rsquo; pour une combustion efficace et d&rsquo;un allumeur en c\u00e9ramique pour un d\u00e9marrage rapide. Gr\u00e2ce \u00e0 la ventilation PRO AIR SET UP, il distribue la chaleur uniform\u00e9ment, vous enveloppant dans un confort chaleureux. Sa structure en fonte, en plus de conf\u00e9rer solidit\u00e9, s&rsquo;int\u00e8gre parfaitement \u00e0 votre d\u00e9coration. Et avec l&rsquo;int\u00e9gration domotique via &lsquo;Alexa&rsquo; d&rsquo;Amazon, le contr\u00f4le devient un jeu d&rsquo;enfant. Avec Todora, la chaleur devient un art.<\/p>\n","protected":false},"featured_media":56286,"template":"","meta":{"_acf_changed":false},"product_brand":[],"product_cat":[4610],"product_tag":[],"class_list":{"0":"post-59343","1":"product","2":"type-product","3":"status-publish","4":"has-post-thumbnail","6":"product_cat-cheminees-hydro-a-granules","7":"sales-flash-overlay","8":"woocommerce-text-align-center","9":"woocommerce-image-align-center","10":"do-quantity-buttons","12":"first","13":"instock","14":"taxable","15":"shipping-taxable","16":"purchasable","17":"product-type-variable"},"acf":[],"_links":{"self":[{"href":"https:\/\/www.fokussrl.com\/fr\/wp-json\/wp\/v2\/product\/59343","targetHints":{"allow":["GET"]}}],"collection":[{"href":"https:\/\/www.fokussrl.com\/fr\/wp-json\/wp\/v2\/product"}],"about":[{"href":"https:\/\/www.fokussrl.com\/fr\/wp-json\/wp\/v2\/types\/product"}],"wp:featuredmedia":[{"embeddable":true,"href":"https:\/\/www.fokussrl.com\/fr\/wp-json\/wp\/v2\/media\/56286"}],"wp:attachment":[{"href":"https:\/\/www.fokussrl.com\/fr\/wp-json\/wp\/v2\/media?parent=59343"}],"wp:term":[{"taxonomy":"product_brand","embeddable":true,"href":"https:\/\/www.fokussrl.com\/fr\/wp-json\/wp\/v2\/product_brand?post=59343"},{"taxonomy":"product_cat","embeddable":true,"href":"https:\/\/www.fokussrl.com\/fr\/wp-json\/wp\/v2\/product_cat?post=59343"},{"taxonomy":"product_tag","embeddable":true,"href":"https:\/\/www.fokussrl.com\/fr\/wp-json\/wp\/v2\/product_tag?post=59343"}],"curies":[{"name":"wp","href":"https:\/\/api.w.org\/{rel}","templated":true}]}}