{"id":59347,"date":"2025-02-01T17:10:41","date_gmt":"2025-02-01T16:10:41","guid":{"rendered":"http:\/\/fokussrl.com\/prodotto\/poele-granules-veronica-air-sn\/"},"modified":"2025-02-01T17:17:28","modified_gmt":"2025-02-01T16:17:28","slug":"poele-granules-veronica-air-sn","status":"publish","type":"product","link":"https:\/\/www.fokussrl.com\/fr\/produit\/poele-granules-veronica-air-sn\/","title":{"rendered":"Po\u00eale \u00e0 granul\u00e9s VERONICA Air SN &#8211; Laminox"},"content":{"rendered":"","protected":false},"excerpt":{"rendered":"<p>Po\u00eale \u00e0 granul\u00e9s compact au style cubique. La fa\u00e7ade est domin\u00e9e par la bande verticale de verre teint\u00e9, en continuit\u00e9 visuelle avec les ailettes de diffusion d&rsquo;air. R\u00e9servoir \u00e9tanche. Disponible avec un \u00e9cran int\u00e9gr\u00e9 sur le dessus ou une t\u00e9l\u00e9commande en option.<\/p>\n","protected":false},"featured_media":56813,"template":"","meta":{"_acf_changed":false},"product_brand":[4826],"product_cat":[4605],"product_tag":[5148],"class_list":{"0":"post-59347","1":"product","2":"type-product","3":"status-publish","4":"has-post-thumbnail","6":"product_brand-laminox-idro-fr","7":"product_cat-poeles-a-granules-hermetiques","8":"product_tag-poeles-a-granules-etanches-laminox-idro","9":"product_shipping_class-stufe-a-pellet-ermetiche-2","10":"pa_colore-blanc","11":"pa_colore-bordeaux-fr","12":"pa_colore-bronze-fr","13":"pa_colore-gris-aluminium","14":"pa_colore-noir-lustre","15":"pa_colore-noir-ride","16":"pa_potenza-7-kw-fr","17":"pa_potenza-9-kw-fr","18":"sales-flash-overlay","19":"woocommerce-text-align-center","20":"woocommerce-image-align-center","21":"do-quantity-buttons","23":"first","24":"instock","25":"taxable","26":"shipping-taxable","27":"product-type-variable"},"acf":[],"_links":{"self":[{"href":"https:\/\/www.fokussrl.com\/fr\/wp-json\/wp\/v2\/product\/59347","targetHints":{"allow":["GET"]}}],"collection":[{"href":"https:\/\/www.fokussrl.com\/fr\/wp-json\/wp\/v2\/product"}],"about":[{"href":"https:\/\/www.fokussrl.com\/fr\/wp-json\/wp\/v2\/types\/product"}],"wp:featuredmedia":[{"embeddable":true,"href":"https:\/\/www.fokussrl.com\/fr\/wp-json\/wp\/v2\/media\/56813"}],"wp:attachment":[{"href":"https:\/\/www.fokussrl.com\/fr\/wp-json\/wp\/v2\/media?parent=59347"}],"wp:term":[{"taxonomy":"product_brand","embeddable":true,"href":"https:\/\/www.fokussrl.com\/fr\/wp-json\/wp\/v2\/product_brand?post=59347"},{"taxonomy":"product_cat","embeddable":true,"href":"https:\/\/www.fokussrl.com\/fr\/wp-json\/wp\/v2\/product_cat?post=59347"},{"taxonomy":"product_tag","embeddable":true,"href":"https:\/\/www.fokussrl.com\/fr\/wp-json\/wp\/v2\/product_tag?post=59347"}],"curies":[{"name":"wp","href":"https:\/\/api.w.org\/{rel}","templated":true}]}}