{"id":59360,"date":"2025-02-01T17:10:46","date_gmt":"2025-02-01T16:10:46","guid":{"rendered":"http:\/\/fokussrl.com\/prodotto\/poele-combine-bois-granules-autonettoyant-twin-slim\/"},"modified":"2025-02-01T17:17:29","modified_gmt":"2025-02-01T16:17:29","slug":"poele-combine-bois-granules-autonettoyant-twin-slim","status":"publish","type":"product","link":"https:\/\/www.fokussrl.com\/fr\/produit\/poele-combine-bois-granules-autonettoyant-twin-slim\/","title":{"rendered":"Po\u00eale combin\u00e9 bois-granul\u00e9s autonettoyant TWIN SLIM &#8211; Girolami"},"content":{"rendered":"","protected":false},"excerpt":{"rendered":"<p>La Twin Slim est un po\u00eale innovant qui offre la possibilit\u00e9 d&rsquo;utiliser du bois ou des granul\u00e9s comme combustible, vous permettant de choisir en fonction de vos besoins. Gr\u00e2ce \u00e0 une chambre de combustion unique, il est possible de passer de l&rsquo;un \u00e0 l&rsquo;autre sans aucune intervention manuelle, car le po\u00eale g\u00e8re automatiquement la transition. Ce produit combine technologie avanc\u00e9e et design \u00e9l\u00e9gant : les profil\u00e9s en aluminium qui recouvrent les c\u00f4t\u00e9s et le dessus du po\u00eale offrent non seulement une apparence raffin\u00e9e, mais am\u00e9liorent \u00e9galement la diffusion de la chaleur.<\/p>\n<p>Le po\u00eale Twin Slim est \u00e9quip\u00e9 de nombreuses fonctionnalit\u00e9s standard qui facilitent son utilisation et am\u00e9liorent son efficacit\u00e9. Il comprend une t\u00e9l\u00e9commande radio en option, un syst\u00e8me brevet\u00e9 pour le chargement du combustible par le bas, une connexion WiFi et un moteur brushless. Dans la version canalis\u00e9e, le ventilateur du po\u00eale ajuste automatiquement sa vitesse en fonction de la temp\u00e9rature d\u00e9tect\u00e9e dans l\u2019environnement, garantissant une distribution optimale de la chaleur. De plus, pour un confort acoustique sup\u00e9rieur, la fonction \u201cSuperSilent\u201d \u00e9teint les ventilateurs, permettant au po\u00eale de chauffer par convection naturelle, r\u00e9duisant ainsi le bruit.<\/p>\n<p>Une autre caract\u00e9ristique importante de la Twin Slim est sa certification de chambre \u00e9tanche, qui la rend particuli\u00e8rement adapt\u00e9e aux maisons passives, caract\u00e9ris\u00e9es par une haute efficacit\u00e9 \u00e9nerg\u00e9tique. En r\u00e9sum\u00e9, la Twin Slim repr\u00e9sente une solution polyvalente et technologiquement avanc\u00e9e pour le chauffage domestique, combinant praticit\u00e9, esth\u00e9tique et confort en un seul produit.<\/p>\n","protected":false},"featured_media":56854,"template":"","meta":{"_acf_changed":false},"product_brand":[4814],"product_cat":[4602],"product_tag":[],"class_list":{"0":"post-59360","1":"product","2":"type-product","3":"status-publish","4":"has-post-thumbnail","6":"product_brand-girolami-fr","7":"product_cat-poeles-combines-bois-granules","8":"product_shipping_class-stufe-legna-pellet-2-2","9":"pa_potenza-12-kw-fr","10":"pa_potenza-9-kw-fr","11":"pa_versione-avec-kit-de-canalisation","12":"pa_versione-sans-canalisation","13":"sales-flash-overlay","14":"woocommerce-text-align-center","15":"woocommerce-image-align-center","16":"do-quantity-buttons","18":"first","19":"instock","20":"taxable","21":"shipping-taxable","22":"purchasable","23":"product-type-variable"},"acf":[],"_links":{"self":[{"href":"https:\/\/www.fokussrl.com\/fr\/wp-json\/wp\/v2\/product\/59360","targetHints":{"allow":["GET"]}}],"collection":[{"href":"https:\/\/www.fokussrl.com\/fr\/wp-json\/wp\/v2\/product"}],"about":[{"href":"https:\/\/www.fokussrl.com\/fr\/wp-json\/wp\/v2\/types\/product"}],"wp:featuredmedia":[{"embeddable":true,"href":"https:\/\/www.fokussrl.com\/fr\/wp-json\/wp\/v2\/media\/56854"}],"wp:attachment":[{"href":"https:\/\/www.fokussrl.com\/fr\/wp-json\/wp\/v2\/media?parent=59360"}],"wp:term":[{"taxonomy":"product_brand","embeddable":true,"href":"https:\/\/www.fokussrl.com\/fr\/wp-json\/wp\/v2\/product_brand?post=59360"},{"taxonomy":"product_cat","embeddable":true,"href":"https:\/\/www.fokussrl.com\/fr\/wp-json\/wp\/v2\/product_cat?post=59360"},{"taxonomy":"product_tag","embeddable":true,"href":"https:\/\/www.fokussrl.com\/fr\/wp-json\/wp\/v2\/product_tag?post=59360"}],"curies":[{"name":"wp","href":"https:\/\/api.w.org\/{rel}","templated":true}]}}