{"id":59365,"date":"2025-02-01T17:10:46","date_gmt":"2025-02-01T16:10:46","guid":{"rendered":"http:\/\/fokussrl.com\/prodotto\/poele-combine-bois-granules-hybrid\/"},"modified":"2025-02-01T17:17:30","modified_gmt":"2025-02-01T16:17:30","slug":"poele-combine-bois-granules-hybrid","status":"publish","type":"product","link":"https:\/\/www.fokussrl.com\/fr\/produit\/poele-combine-bois-granules-hybrid\/","title":{"rendered":"Po\u00eale combin\u00e9 bois-granul\u00e9s HYBRID &#8211; Bronpi"},"content":{"rendered":"","protected":false},"excerpt":{"rendered":"<p>Po\u00eale combin\u00e9 bois-granul\u00e9s avec une seule chambre de combustion.<\/p>\n<ul>\n<li>Oasys Plus<\/li>\n<li>Syst\u00e8me Dual Camera<\/li>\n<li>Syst\u00e8me de verre propre<\/li>\n<li>Syst\u00e8me de modulation<\/li>\n<li>Compatible avec le KIT WIFI<\/li>\n<li>Programmable<\/li>\n<li>Con\u00e7u pour un acc\u00e8s facile \u00e0 l\u2019entretien<\/li>\n<\/ul>\n","protected":false},"featured_media":56871,"template":"","meta":{"_acf_changed":false},"product_brand":[4798],"product_cat":[4602],"product_tag":[],"class_list":{"0":"post-59365","1":"product","2":"type-product","3":"status-publish","4":"has-post-thumbnail","6":"product_brand-bronpi-fr","7":"product_cat-poeles-combines-bois-granules","8":"product_shipping_class-stufe-legna-pellet-2-2","9":"pa_colore-noir","10":"pa_colore-pierre","11":"pa_colore-pierre-porte-vitre","12":"sales-flash-overlay","13":"woocommerce-text-align-center","14":"woocommerce-image-align-center","15":"do-quantity-buttons","17":"first","18":"instock","19":"taxable","20":"shipping-taxable","21":"purchasable","22":"product-type-variable"},"acf":[],"_links":{"self":[{"href":"https:\/\/www.fokussrl.com\/fr\/wp-json\/wp\/v2\/product\/59365","targetHints":{"allow":["GET"]}}],"collection":[{"href":"https:\/\/www.fokussrl.com\/fr\/wp-json\/wp\/v2\/product"}],"about":[{"href":"https:\/\/www.fokussrl.com\/fr\/wp-json\/wp\/v2\/types\/product"}],"wp:featuredmedia":[{"embeddable":true,"href":"https:\/\/www.fokussrl.com\/fr\/wp-json\/wp\/v2\/media\/56871"}],"wp:attachment":[{"href":"https:\/\/www.fokussrl.com\/fr\/wp-json\/wp\/v2\/media?parent=59365"}],"wp:term":[{"taxonomy":"product_brand","embeddable":true,"href":"https:\/\/www.fokussrl.com\/fr\/wp-json\/wp\/v2\/product_brand?post=59365"},{"taxonomy":"product_cat","embeddable":true,"href":"https:\/\/www.fokussrl.com\/fr\/wp-json\/wp\/v2\/product_cat?post=59365"},{"taxonomy":"product_tag","embeddable":true,"href":"https:\/\/www.fokussrl.com\/fr\/wp-json\/wp\/v2\/product_tag?post=59365"}],"curies":[{"name":"wp","href":"https:\/\/api.w.org\/{rel}","templated":true}]}}