{"id":59369,"date":"2025-02-01T17:10:46","date_gmt":"2025-02-01T16:10:46","guid":{"rendered":"http:\/\/fokussrl.com\/prodotto\/poele-combine-bois-granules-integra\/"},"modified":"2025-02-01T17:17:32","modified_gmt":"2025-02-01T16:17:32","slug":"poele-combine-bois-granules-integra","status":"publish","type":"product","link":"https:\/\/www.fokussrl.com\/fr\/produit\/poele-combine-bois-granules-integra\/","title":{"rendered":"Po\u00eale combin\u00e9 bois-granul\u00e9s INTEGRA &#8211; Paterno"},"content":{"rendered":"","protected":false},"excerpt":{"rendered":"<p>Integra : le choix ultime. Vous souhaitez tout le confort et le contr\u00f4le \u00e9lectronique du chauffage aux granul\u00e9s ? Vous pr\u00e9f\u00e9rez utiliser le combustible le plus classique et le plus facilement disponible, le bois ? INTEGRA vous permet de faire les deux dans un po\u00eale compact, performant et s\u00fbr. Une avanc\u00e9e in\u00e9gal\u00e9e.<\/p>\n<p>INTEGRA est le r\u00e9sultat de mois de travail durant lesquels l&rsquo;\u00e9quipe Paterno Blackline a fusionn\u00e9 des ann\u00e9es d&rsquo;exp\u00e9rience avec l&rsquo;innovation qui caract\u00e9rise tous les produits de l&rsquo;entreprise, tant sur le plan technique que sur le plan du design. Le r\u00e9sultat ? Le premier et unique po\u00eale combin\u00e9 certifi\u00e9 5 \u00e9toiles pour le bois et les granul\u00e9s, avec des dimensions compactes.<\/p>\n<p>Version compl\u00e8te avec module Wi-Fi, radio pinkey et thermostat d&rsquo;ambiance sans fil.<\/p>\n","protected":false},"featured_media":56895,"template":"","meta":{"_acf_changed":false},"product_brand":[4834],"product_cat":[4602],"product_tag":[],"class_list":{"0":"post-59369","1":"product","2":"type-product","3":"status-publish","4":"has-post-thumbnail","6":"product_brand-paterno-fr","7":"product_cat-poeles-combines-bois-granules","8":"product_shipping_class-stufe-legna-pellet-2-2","9":"pa_colore-noir","10":"pa_colore-ollaire","11":"sales-flash-overlay","12":"woocommerce-text-align-center","13":"woocommerce-image-align-center","14":"do-quantity-buttons","16":"first","17":"instock","18":"taxable","19":"shipping-taxable","20":"product-type-variable"},"acf":[],"_links":{"self":[{"href":"https:\/\/www.fokussrl.com\/fr\/wp-json\/wp\/v2\/product\/59369","targetHints":{"allow":["GET"]}}],"collection":[{"href":"https:\/\/www.fokussrl.com\/fr\/wp-json\/wp\/v2\/product"}],"about":[{"href":"https:\/\/www.fokussrl.com\/fr\/wp-json\/wp\/v2\/types\/product"}],"wp:featuredmedia":[{"embeddable":true,"href":"https:\/\/www.fokussrl.com\/fr\/wp-json\/wp\/v2\/media\/56895"}],"wp:attachment":[{"href":"https:\/\/www.fokussrl.com\/fr\/wp-json\/wp\/v2\/media?parent=59369"}],"wp:term":[{"taxonomy":"product_brand","embeddable":true,"href":"https:\/\/www.fokussrl.com\/fr\/wp-json\/wp\/v2\/product_brand?post=59369"},{"taxonomy":"product_cat","embeddable":true,"href":"https:\/\/www.fokussrl.com\/fr\/wp-json\/wp\/v2\/product_cat?post=59369"},{"taxonomy":"product_tag","embeddable":true,"href":"https:\/\/www.fokussrl.com\/fr\/wp-json\/wp\/v2\/product_tag?post=59369"}],"curies":[{"name":"wp","href":"https:\/\/api.w.org\/{rel}","templated":true}]}}