{"id":59372,"date":"2025-02-01T17:10:52","date_gmt":"2025-02-01T16:10:52","guid":{"rendered":"http:\/\/fokussrl.com\/prodotto\/poele-combine-bois-granules-reverse\/"},"modified":"2025-07-20T22:34:39","modified_gmt":"2025-07-20T20:34:39","slug":"poele-combine-bois-granules-reverse","status":"publish","type":"product","link":"https:\/\/www.fokussrl.com\/fr\/produit\/poele-combine-bois-granules-reverse\/","title":{"rendered":"Po\u00eale combin\u00e9 bois-granul\u00e9s REVERSE &#8211; Jolly Mec"},"content":{"rendered":"","protected":false},"excerpt":{"rendered":"<p>REVERSE est un po\u00eale innovant utilisant la technologie EVO pour respecter les limites d&rsquo;efficacit\u00e9 et d&rsquo;\u00e9missions en faveur de l&rsquo;environnement ; c&rsquo;est un po\u00eale combin\u00e9 compact fonctionnant au bois et aux granul\u00e9s, pour le chauffage \u00e0 air chaud forc\u00e9, avec la particularit\u00e9 de deux chambres de combustion mais une seule sortie de fum\u00e9e, et un design unique mettant en valeur la flamme du combustible choisi. Une vitre ext\u00e9rieure coulissante, d\u00e9cor\u00e9e ou lisse, compl\u00e8te l&rsquo;effet sc\u00e9nique du po\u00eale en permettant de masquer ou de r\u00e9v\u00e9ler la flamme \u00e0 tout moment. La finition ext\u00e9rieure est disponible en st\u00e9atite sabl\u00e9e ou en acier dans des coloris blanc ou noir. Avec le fonctionnement au bois, vous pouvez \u00e9galement opter pour un chauffage par rayonnement uniquement.<\/p>\n<p><strong> CARACT\u00c9RISTIQUES<\/strong><\/p>\n<p>CHALEUR M\u00caME SANS \u00c9LECTRICIT\u00c9 (POUR LE BOIS) Chaleur m\u00eame en cas de panne de courant. Gr\u00e2ce \u00e0 l&rsquo;\u00e9changeur de chaleur innovant qui absorbe l&rsquo;\u00e9nergie de combustion en utilisant comme conducteur le tirage naturel de la chemin\u00e9e, nous pouvons continuer \u00e0 alimenter le po\u00eale et chauffer la maison naturellement. Air forc\u00e9 et rayonnement AIR FORC\u00c9 OU RAYONNEMENT<\/p>\n<p>PASSAGE AUTOMATIQUE DU BOIS AUX GRANUL\u00c9S Il est possible de passer automatiquement du bois aux granul\u00e9s, en continuant de chauffer selon la configuration d\u00e9finie sans que l&rsquo;utilisateur soit pr\u00e9sent \u00e0 la maison.<\/p>\n<p>CHAMBRE DE COMBUSTION EN FIREFLECTOR ET R\u00c9FRACTAIRE R\u00e9alis\u00e9e en Fireflector haute densit\u00e9 (HD) et mat\u00e9riau r\u00e9fractaire, elle permet d&rsquo;atteindre des temp\u00e9ratures \u00e9lev\u00e9es pour optimiser le processus de combustion et r\u00e9duire les \u00e9missions.<\/p>\n<p>TIROIR \u00c0 CENDRES Amovible et GRILLE EN FONTE.<\/p>\n<p>CAPTEURS D&rsquo;OUVERTURE DE PORTE Garantissent une meilleure s\u00e9curit\u00e9 de fonctionnement de la chemin\u00e9e.<\/p>\n<p>SOUPAPE DE S\u00c9CURIT\u00c9 Soupape de s\u00e9curit\u00e9 pour \u00e9vacuer l&rsquo;exc\u00e8s de pression des gaz.<\/p>\n<p>WIFI ET KIT DE CANALISATION (OPTIONNEL)<\/p>\n<p>CHALEUR NATURELLE (POUR LE BOIS) sans ventilation forc\u00e9e.<\/p>\n<p>POUR MAISONS PASSIVES L&rsquo;air de combustion est pr\u00e9lev\u00e9 \u00e0 l&rsquo;ext\u00e9rieur via une connexion directe \u00e0 la prise d&rsquo;air. Id\u00e9al pour les maisons passives.<\/p>\n","protected":false},"featured_media":56926,"template":"","meta":{"_acf_changed":false},"product_brand":[4816],"product_cat":[4602],"product_tag":[],"class_list":{"0":"post-59372","1":"product","2":"type-product","3":"status-publish","4":"has-post-thumbnail","6":"product_brand-jolly-mec-fr","7":"product_cat-poeles-combines-bois-granules","8":"product_shipping_class-stufe-legna-pellet-2-2","9":"pa_colore-blanc","10":"pa_colore-blanc-serigraphie","11":"pa_colore-noir","12":"pa_colore-noir-serigraphie","13":"pa_colore-pierre-ollaire-raffinee","14":"pa_colore-pierre-ollaire-serigraphiee","15":"sales-flash-overlay","16":"woocommerce-text-align-center","17":"woocommerce-image-align-center","18":"do-quantity-buttons","20":"first","21":"instock","22":"taxable","23":"shipping-taxable","24":"product-type-variable"},"acf":[],"_links":{"self":[{"href":"https:\/\/www.fokussrl.com\/fr\/wp-json\/wp\/v2\/product\/59372","targetHints":{"allow":["GET"]}}],"collection":[{"href":"https:\/\/www.fokussrl.com\/fr\/wp-json\/wp\/v2\/product"}],"about":[{"href":"https:\/\/www.fokussrl.com\/fr\/wp-json\/wp\/v2\/types\/product"}],"wp:featuredmedia":[{"embeddable":true,"href":"https:\/\/www.fokussrl.com\/fr\/wp-json\/wp\/v2\/media\/56926"}],"wp:attachment":[{"href":"https:\/\/www.fokussrl.com\/fr\/wp-json\/wp\/v2\/media?parent=59372"}],"wp:term":[{"taxonomy":"product_brand","embeddable":true,"href":"https:\/\/www.fokussrl.com\/fr\/wp-json\/wp\/v2\/product_brand?post=59372"},{"taxonomy":"product_cat","embeddable":true,"href":"https:\/\/www.fokussrl.com\/fr\/wp-json\/wp\/v2\/product_cat?post=59372"},{"taxonomy":"product_tag","embeddable":true,"href":"https:\/\/www.fokussrl.com\/fr\/wp-json\/wp\/v2\/product_tag?post=59372"}],"curies":[{"name":"wp","href":"https:\/\/api.w.org\/{rel}","templated":true}]}}