{"id":59379,"date":"2025-02-01T17:10:52","date_gmt":"2025-02-01T16:10:52","guid":{"rendered":"http:\/\/fokussrl.com\/prodotto\/poele-electrique-huntingdon\/"},"modified":"2025-02-01T17:17:35","modified_gmt":"2025-02-01T16:17:35","slug":"poele-electrique-huntingdon","status":"publish","type":"product","link":"https:\/\/www.fokussrl.com\/fr\/produit\/poele-electrique-huntingdon\/","title":{"rendered":"Po\u00eale \u00e9lectrique HUNTINGDON &#8211; Gazco"},"content":{"rendered":"","protected":false},"excerpt":{"rendered":"<p>La Huntingdon 30 est un po\u00eale \u00e9lectrique qui s\u00e9duit par son design traditionnel. L&rsquo;effet de flamme est cr\u00e9\u00e9 par l&rsquo;activation de plusieurs LED, tandis que le chauffage est assur\u00e9 par des r\u00e9sistances \u00e9lectriques. De plus, gr\u00e2ce \u00e0 la technologie Gazco VeriFlame\u2122, les r\u00e9sistances fonctionnent ind\u00e9pendamment, permettant ainsi d&rsquo;activer uniquement l&rsquo;effet de flamme. Vous pouvez choisir entre trois niveaux de luminosit\u00e9 et deux niveaux de puissance thermique. Au niveau de luminosit\u00e9 le plus \u00e9lev\u00e9, un effet de flamme bleue peut \u00eatre ajout\u00e9 pour un feu encore plus r\u00e9aliste. Tout est contr\u00f4l\u00e9 facilement et confortablement via une t\u00e9l\u00e9commande.<\/p>\n","protected":false},"featured_media":56969,"template":"","meta":{"_acf_changed":false},"product_brand":[4813],"product_cat":[4607],"product_tag":[],"class_list":{"0":"post-59379","1":"product","2":"type-product","3":"status-publish","4":"has-post-thumbnail","6":"product_brand-gazco-fr","7":"product_cat-poeles-electriques","8":"product_shipping_class-stufe-elettriche-2-2","9":"pa_modello-huntingdon-20-fr","10":"pa_modello-huntingdon-30-fr","11":"pa_modello-huntingdon-40-fr","12":"sales-flash-overlay","13":"woocommerce-text-align-center","14":"woocommerce-image-align-center","15":"do-quantity-buttons","17":"first","18":"instock","19":"taxable","20":"shipping-taxable","21":"purchasable","22":"product-type-variable"},"acf":[],"_links":{"self":[{"href":"https:\/\/www.fokussrl.com\/fr\/wp-json\/wp\/v2\/product\/59379","targetHints":{"allow":["GET"]}}],"collection":[{"href":"https:\/\/www.fokussrl.com\/fr\/wp-json\/wp\/v2\/product"}],"about":[{"href":"https:\/\/www.fokussrl.com\/fr\/wp-json\/wp\/v2\/types\/product"}],"wp:featuredmedia":[{"embeddable":true,"href":"https:\/\/www.fokussrl.com\/fr\/wp-json\/wp\/v2\/media\/56969"}],"wp:attachment":[{"href":"https:\/\/www.fokussrl.com\/fr\/wp-json\/wp\/v2\/media?parent=59379"}],"wp:term":[{"taxonomy":"product_brand","embeddable":true,"href":"https:\/\/www.fokussrl.com\/fr\/wp-json\/wp\/v2\/product_brand?post=59379"},{"taxonomy":"product_cat","embeddable":true,"href":"https:\/\/www.fokussrl.com\/fr\/wp-json\/wp\/v2\/product_cat?post=59379"},{"taxonomy":"product_tag","embeddable":true,"href":"https:\/\/www.fokussrl.com\/fr\/wp-json\/wp\/v2\/product_tag?post=59379"}],"curies":[{"name":"wp","href":"https:\/\/api.w.org\/{rel}","templated":true}]}}